{"id":1023,"date":"2018-09-14T06:31:20","date_gmt":"2018-09-14T06:31:20","guid":{"rendered":"http:\/\/beta.thangmayphusi.com\/?page_id=1023"},"modified":"2025-01-03T10:24:18","modified_gmt":"2025-01-03T03:24:18","slug":"bao-gia","status":"publish","type":"page","link":"https:\/\/thangmayphusi.com\/en\/bao-gia\/","title":{"rendered":"Quotation"},"content":{"rendered":"<p>[vc_row parallax_bg=&#8221;true&#8221; css=&#8221;.vc_custom_1622482880990{padding-top: 40px !important;padding-bottom: 0px !important;}&#8221;][vc_column]\n    <h2 class=\"text-center\" >B\u00c1O GI\u00c1 THANG M\u00c1Y<\/h2>\n    \t    <div class=\"wprt-lines style-2 custom-1\">\n\t        <div class=\"line-1\"><\/div>\n\t    <\/div>\n    \n    \t    <div class=\"wprt-spacer\" data-desktop=\"36\" data-mobi=\"30\" data-smobi=\"30\"><\/div>\n\t    <div class=\"wprt-subtitle \"><\/p>\n<p style=\"text-align: left;\"><span style=\"font-size: 14pt;\">C\u00f4ng ty Thang m\u00e1y Ph\u00fa S\u0129 tr\u00e2n tr\u1ecdng c\u1ea3m \u01a1n s\u1ef1 quan t\u00e2m c\u1ee7a Qu\u00fd kh\u00e1ch h\u00e0ng \u0111\u1ebfn s\u1ea3n ph\u1ea9m v\u00e0 d\u1ecbch v\u1ee5 c\u1ee7a ch\u00fang t\u00f4i cung c\u1ea5p.<br \/>\n<\/span><\/p>\n<p style=\"text-align: left;\"><span style=\"font-size: 14pt;\">S\u1ea3n ph\u1ea9m c\u1ee7a ch\u00fang t\u00f4i cung c\u1ea5p bao g\u1ed3m:<\/span><\/p>\n<ul style=\"text-align: left;\">\n<li><a href=\"https:\/\/thangmayphusi.com\/san-pham\/thang-may-tai-khach\/\"><span style=\"font-size: 14pt;\">Thang m\u00e1y t\u1ea3i kh\u00e1ch, lo\u1ea1i c\u00f3 ph\u00f2ng m\u00e1y v\u00e0 kh\u00f4ng c\u00f3 ph\u00f2ng m\u00e1y d\u00f9ng cho kh\u00e1ch s\u1ea1n, si\u00eau th\u1ecb, v\u0103n ph\u00f2ng, chung c\u01b0, nh\u00e0 h\u00e0ng,&#8230;<\/span><\/a><\/li>\n<li><a href=\"https:\/\/thangmayphusi.com\/san-pham\/thang-may-tai-hang\/\"><span style=\"font-size: 14pt;\">Thang m\u00e1y t\u1ea3i h\u00e0ng, lo\u1ea1i c\u00f3 ng\u01b0\u1eddi\u00a0\u0111i v\u00e0 kh\u00f4ng g\u1ed3m ng\u01b0\u1eddi\u00a0\u0111i, d\u00f9ng cho nh\u00e0 m\u00e1y, nh\u00e0 x\u01b0\u1edfng, nh\u00e0 h\u00e0ng, kh\u00e1ch s\u1ea1n, x\u00ed nghi\u1ec7p, chung c\u01b0, v\u0103n ph\u00f2ng&#8230;<\/span><\/a><\/li>\n<li><a href=\"https:\/\/thangmayphusi.com\/san-pham\/thang-may-gia-dinh\/\"><span style=\"font-size: 14pt;\">Thang m\u00e1y gia\u00a0\u0111\u00ecnh, thang mini, d\u00f9ng cho nh\u00e0 t\u01b0 nh\u00e2n, bi\u1ec7t th\u1ef1, kh\u00e1ch s\u1ea1n mini&#8230;<\/span><\/a><\/li>\n<li><a href=\"https:\/\/thangmayphusi.com\/san-pham\/thang-may-nhap-mitsubishi\/\"><span style=\"font-size: 14pt;\">Thang m\u00e1y nh\u1eadp kh\u1ea9u nguy\u00ean chi\u1ebfc hi\u1ec7u Mistsubishi,\u00a0\u0111\u01b0\u1ee3c nh\u1eadp m\u1edbi 100%, t\u1eeb ch\u00ednh h\u00e3ng, nguy\u00ean\u00a0\u0111ai, nguy\u00ean ki\u1ec7n.<\/span><\/a><\/li>\n<li><a href=\"https:\/\/thangmayphusi.com\/san-pham\/thang-may-nhap-ngoai\/\"><span style=\"font-size: 14pt;\">Thang m\u00e1y nh\u1eadp kh\u1ea9u lo\u1ea1i kh\u00e1c: Fuji, Hitachi<\/span><\/a><\/li>\n<li><a href=\"https:\/\/thangmayphusi.com\/san-pham\/thang-cuon\/\"><span style=\"font-size: 14pt;\">Thang cu\u1ed1n: nh\u1eadp ngo\u1ea1i nguy\u00ean chi\u1ebfc t\u1eeb ch\u00ednh h\u00e3ng d\u00f9ng cho Trung t\u00e2m th\u01b0\u01a1ng m\u1ea1i, kh\u00e1ch s\u1ea1n&#8230;<\/span><\/a><\/li>\n<li><a href=\"https:\/\/thangmayphusi.com\/san-pham\/bang-tai-hanh-khach\/\"><span style=\"font-size: 14pt;\">B\u0103ng t\u1ea3i h\u00e0nh kh\u00e1ch: nh\u1eadp ngo\u1ea1i nguy\u00ean chi\u1ebfc t\u1eeb ch\u00ednh h\u00e3ng d\u00f9ng cho Trung t\u00e2m th\u01b0\u01a1ng m\u1ea1i, kh\u00e1ch s\u1ea1n&#8230;<\/span><\/a><\/li>\n<\/ul>\n<p style=\"text-align: left;\"><span style=\"font-size: 14pt;\">Thang m\u00e1y s\u1ea3n xu\u1ea5t trong n\u01b0\u1edbc\u00a0\u0111\u1ea3m b\u1ea3o v\u00e0\u00a0\u0111\u00e1p\u00a0\u1ee9ng ti\u00eau chu\u1ea9n Vi\u1ec7t Nam. C\u00e1c thi\u1ebft b\u1ecb ch\u00ednh (m\u00e1y k\u00e9o, t\u1ee7\u00a0\u0111i\u1ec1u khi\u1ec3n) nh\u1eadp kh\u1ea9u\u00a0\u0111\u1ed3ng b\u1ed9 c\u1ee7a Fuji, Nippon, Sicor, xu\u1ea5t x\u1ee9 t\u1eeb\u00a0\u00dd, Nh\u1eadt, H\u00e0n, Trung Qu\u1ed1c,\u00a0\u0110\u1ee9c, Malaisia.<\/span><br \/>\n<span style=\"font-size: 14pt;\">Thang nh\u1eadp ngo\u1ea1i nguy\u00ean chi\u1ebfc\u00a0\u0111\u1ea3m b\u1ea3o ti\u00eau chu\u1ea9n Ch\u00e2u\u00a0\u00c2u EN-81 (cho thang m\u00e1y), EN-115 (cho thang cu\u1ed1n v\u00e0 b\u0103ng t\u1ea3i) v\u00e0 ti\u00eau chu\u1ea9n Nh\u1eadt B\u1ea3n JIS.<\/span><\/p>\n<p style=\"text-align: left;\"><span style=\"font-size: 14pt;\"><span style=\"font-size: 14pt;\">Qu\u00fd kh\u00e1ch h\u00e0ng c\u1ea7n b\u00e1o gi\u00e1, vui l\u00f2ng\u00a0\u0111i\u1ec7n tho\u1ea1i ho\u1eb7c nh\u1eafn tin cho ch\u00fang t\u00f4i:<br \/>\nHotline 24\/7:<strong> 0912 795 339\u00a0<\/strong><br \/>\n<\/span><\/span><span style=\"font-size: 14pt;\"><span style=\"font-size: 14pt;\">Viber:<strong> 0912 795 339<br \/>\n<\/strong>Zalo:<strong> 0912 795 339<\/strong><br \/>\n<\/span>Ho\u1eb7c nh\u1eafn tin qua trang fanpage c\u1ee7a facebook <a href=\"https:\/\/www.facebook.com\/phusielevator\/?ref=bookmarks\"><strong>Phu Si Elevator<\/strong><\/a><br \/>\n<span style=\"font-size: 14pt;\">Ho\u1eb7c \u0111i\u1ec1n th\u00f4ng tin d\u01b0\u1edbi \u0111\u00e2y\u00a0\u0111\u1ec3 ch\u00fang t\u00f4i c\u00f3 d\u1eef li\u1ec7u t\u01b0 v\u1ea5n v\u00e0 g\u1eedi b\u00e1o gi\u00e1\u00a0\u0111\u1ebfn Qu\u00fd kh\u00e1ch h\u00e0ng.<\/span><\/span><\/p>\n<p><\/div>\n\t    \t\n[\/vc_column][\/vc_row][vc_row css=&#8221;.vc_custom_1542390493370{padding-top: 40px !important;padding-bottom: 40px !important;}&#8221;][vc_column]\n<div class=\"wpcf7 no-js\" id=\"wpcf7-f994-o1\" lang=\"en-US\" dir=\"ltr\">\n<div class=\"screen-reader-response\"><p role=\"status\" aria-live=\"polite\" aria-atomic=\"true\"><\/p> <ul><\/ul><\/div>\n<form action=\"\/en\/wp-json\/wp\/v2\/pages\/1023#wpcf7-f994-o1\" method=\"post\" class=\"wpcf7-form init\" aria-label=\"Contact form\" novalidate=\"novalidate\" data-status=\"init\">\n<div style=\"display: none;\">\n<input type=\"hidden\" name=\"_wpcf7\" value=\"994\" \/>\n<input type=\"hidden\" name=\"_wpcf7_version\" value=\"5.9.8\" \/>\n<input type=\"hidden\" name=\"_wpcf7_locale\" value=\"en_US\" \/>\n<input type=\"hidden\" name=\"_wpcf7_unit_tag\" value=\"wpcf7-f994-o1\" \/>\n<input type=\"hidden\" name=\"_wpcf7_container_post\" value=\"0\" \/>\n<input type=\"hidden\" name=\"_wpcf7_posted_data_hash\" value=\"\" \/>\n<\/div>\n<div style=\"margin:auto;\">\n\t<div class=\"wpb_column vc_column_container vc_col-sm-6\">\n\t\t<h3>Customer Information\n\t\t<\/h3>\n\t\t<p><label>Full Name*<\/label><span class=\"wpcf7-form-control-wrap\" data-name=\"full-name\"><input size=\"40\" maxlength=\"400\" class=\"wpcf7-form-control wpcf7-text wpcf7-validates-as-required\" aria-required=\"true\" aria-invalid=\"false\" placeholder=\"Nh\u1eadp h\u1ecd t\u00ean\" value=\"\" type=\"text\" name=\"full-name\" \/><\/span>\n\t\t<\/p>\n\t\t<p><label>Title<\/label><span class=\"wpcf7-form-control-wrap\" data-name=\"your-title\"><select class=\"wpcf7-form-control wpcf7-select\" aria-invalid=\"false\" name=\"your-title\"><option value=\"Investor\">Investor<\/option><option value=\"Design Consultant\">Design Consultant<\/option><option value=\"Constructor\">Constructor<\/option><option value=\"Other\">Other<\/option><\/select><\/span>\n\t\t<\/p>\n\t\t<p><label>Phone*<\/label><span class=\"wpcf7-form-control-wrap\" data-name=\"your-phone\"><input size=\"40\" maxlength=\"400\" class=\"wpcf7-form-control wpcf7-tel wpcf7-validates-as-required wpcf7-text wpcf7-validates-as-tel\" aria-required=\"true\" aria-invalid=\"false\" placeholder=\"Nh\u1eadp s\u1ed1 \u0111i\u1ec7n tho\u1ea1i\" value=\"\" type=\"tel\" name=\"your-phone\" \/><\/span>\n\t\t<\/p>\n\t\t<p><label>Email<\/label><span class=\"wpcf7-form-control-wrap\" data-name=\"your-email\"><input size=\"40\" maxlength=\"400\" class=\"wpcf7-form-control wpcf7-email wpcf7-text wpcf7-validates-as-email\" aria-invalid=\"false\" placeholder=\"Nh\u1eadp email\" value=\"\" type=\"email\" name=\"your-email\" \/><\/span>\n\t\t<\/p>\n\t\t<p><label>Elevator category <\/label><span class=\"wpcf7-form-control-wrap\" data-name=\"elevator-category\"><select class=\"wpcf7-form-control wpcf7-select wpcf7-validates-as-required\" aria-required=\"true\" aria-invalid=\"false\" name=\"elevator-category\"><option value=\"Passenger elevator\">Passenger elevator<\/option><option value=\"Home elevator\">Home elevator<\/option><option value=\"Condominium elevator\">Condominium elevator<\/option><option value=\"Hospital elevator\">Hospital elevator<\/option><option value=\"Freight elevator\">Freight elevator<\/option><option value=\"Imported elevator\">Imported elevator<\/option><option value=\"Escalator\">Escalator<\/option><\/select><\/span>\n\t\t<\/p>\n\t\t<p><input class=\"wpcf7-form-control wpcf7-submit has-spinner\" type=\"submit\" value=\"Send request\" \/>\n\t\t<\/p>\n\t<\/div>\n<\/div><div class=\"wpcf7-response-output\" aria-hidden=\"true\"><\/div>\n<\/form>\n<\/div>\n[\/vc_column][\/vc_row][vc_row][vc_column][vc_column_text][\/vc_column_text][\/vc_column][\/vc_row]<\/p>","protected":false},"excerpt":{"rendered":"<p>[vc_row parallax_bg=&#8221;true&#8221; css=&#8221;.vc_custom_1622482880990{padding-top: 40px !important;padding-bottom: 0px !important;}&#8221;][vc_column][\/vc_column][\/vc_row][vc_row css=&#8221;.vc_custom_1542390493370{padding-top: 40px !important;padding-bottom: 40px !important;}&#8221;][vc_column][\/vc_column][\/vc_row][vc_row][vc_column][vc_column_text][\/vc_column_text][\/vc_column][\/vc_row]<\/p>\n","protected":false},"author":1,"featured_media":0,"parent":0,"menu_order":0,"comment_status":"closed","ping_status":"closed","template":"page-templates\/template-fullwidth.php","meta":{"footnotes":""},"class_list":["post-1023","page","type-page","status-publish","hentry"],"_links":{"self":[{"href":"https:\/\/thangmayphusi.com\/en\/wp-json\/wp\/v2\/pages\/1023"}],"collection":[{"href":"https:\/\/thangmayphusi.com\/en\/wp-json\/wp\/v2\/pages"}],"about":[{"href":"https:\/\/thangmayphusi.com\/en\/wp-json\/wp\/v2\/types\/page"}],"author":[{"embeddable":true,"href":"https:\/\/thangmayphusi.com\/en\/wp-json\/wp\/v2\/users\/1"}],"replies":[{"embeddable":true,"href":"https:\/\/thangmayphusi.com\/en\/wp-json\/wp\/v2\/comments?post=1023"}],"version-history":[{"count":28,"href":"https:\/\/thangmayphusi.com\/en\/wp-json\/wp\/v2\/pages\/1023\/revisions"}],"predecessor-version":[{"id":3833,"href":"https:\/\/thangmayphusi.com\/en\/wp-json\/wp\/v2\/pages\/1023\/revisions\/3833"}],"wp:attachment":[{"href":"https:\/\/thangmayphusi.com\/en\/wp-json\/wp\/v2\/media?parent=1023"}],"curies":[{"name":"wp","href":"https:\/\/api.w.org\/{rel}","templated":true}]}}