{"id":1025,"date":"2018-09-14T06:31:38","date_gmt":"2018-09-13T23:31:38","guid":{"rendered":"http:\/\/beta.thangmayphusi.com\/?page_id=1025"},"modified":"2025-01-03T10:18:59","modified_gmt":"2025-01-03T03:18:59","slug":"bao-tri-sua-chua","status":"publish","type":"page","link":"https:\/\/thangmayphusi.com\/en\/dich-vu\/bao-tri-sua-chua\/","title":{"rendered":"B\u1ea3o tr\u00ec s\u1eeda ch\u1eefa"},"content":{"rendered":"<p>[vc_row][vc_column width=&#8221;11\/12&#8243;][vc_single_image image=&#8221;1942&#8243; img_size=&#8221;full&#8221;][vc_column_text]<span style=\"font-size: 14pt;\">B\u1ea3o tr\u00ec thang m\u00e1y l\u00e0 d\u1ecbch v\u1ee5 b\u1ea3o d\u01b0\u1ee1ng k\u1ef9 thu\u1eadt \u0111\u1ecbnh k\u1ef3 \u0111\u1ec3 duy tr\u00ec ho\u1ea1t \u0111\u1ed9ng li\u00ean t\u1ee5c c\u1ee7a thang m\u00e1y nh\u1eb1m ph\u00e1t hi\u1ec7n s\u1edbm v\u00e0 ng\u0103n ch\u1eb7n k\u1ecbp th\u1eddi nh\u1eefng s\u1ef1 c\u1ed1h\u1ecfng h\u00f3c c\u00f3 th\u1ec3 x\u1ea3y ra.<\/span>[\/vc_column_text][vc_single_image image=&#8221;1942&#8243; img_size=&#8221;large&#8221; alignment=&#8221;center&#8221;][vc_single_image image=&#8221;2026&#8243; img_size=&#8221;large&#8221; alignment=&#8221;center&#8221;][vc_column_text]<span style=\"font-size: 14pt;\"><strong>I. H\u00ccNH TH\u1ee8C B\u1ea2O TR\u00cc:<\/strong><\/span><\/p>\n<p><strong><span style=\"font-size: 14pt;\">1. B\u1ea3o tr\u00ec th\u00f4ng th\u01b0\u1eddng (kh\u00f4ng g\u1ed3m v\u1eadt t\u01b0 thay th\u1ebf):<\/span><\/strong><\/p>\n<p><span style=\"font-size: 14pt;\"><strong>C\u00f4ng ty Thang m\u00e1y Ph\u00fa S\u0129<\/strong>\u00a0ch\u1ecbu tr\u00e1ch nhi\u1ec7m tr\u1ef1c, s\u1eeda ch\u1eefa, b\u1ea3o tr\u00ec theo ch\u1ebf \u0111\u1ed9 b\u1ea3o d\u01b0\u1ee1ng \u0111\u1ecbnh k\u1ef3.<\/span><\/p>\n<p><span style=\"font-size: 14pt;\">N\u1ebfu thang m\u00e1y h\u1ecfng, c\u1ea7n thay th\u1ebf v\u1eadt t\u01b0:\u00a0<strong>C\u00f4ng ty Thang m\u00e1y Ph\u00fa S\u0129<\/strong>\u00a0s\u1ebd cung c\u1ea5p b\u1ea3n b\u00e1o gi\u00e1 n\u00eau r\u00f5 chi ti\u1ebft \u0111\u1ec3 kh\u00e1ch h\u00e0ng th\u00f4ng qua v\u00e0 x\u00e1c nh\u1eadn \u0111\u1ed3ng \u00fd tr\u01b0\u1edbc khi th\u1ef1c hi\u1ec7n.\u00a0<strong>Ph\u00fa S\u0129<\/strong>\u00a0s\u1ebd kh\u00f4ng ch\u1ecbu tr\u00e1ch nhi\u1ec7m cho vi\u1ec7c gi\u00e1n \u0111o\u1ea1n ho\u1ea1t \u0111\u1ed9ng c\u1ee7a thang m\u00e1y trong tr\u01b0\u1eddng h\u1ee3p kh\u00e1ch h\u00e0ng ch\u1eadm tr\u1ec5 trong vi\u1ec7c x\u00e1c nh\u1eadn b\u00e1o gi\u00e1 thay v\u1eadt t\u01b0.<\/span><\/p>\n<p><strong><span style=\"font-size: 14pt;\">2. B\u1ea3o tr\u00ec to\u00e0n di\u1ec7n (b\u1ea3o tr\u00ec g\u1ed3m v\u1eadt t\u01b0 thay th\u1ebf):<\/span><\/strong><\/p>\n<p><span style=\"font-size: 14pt;\"><strong>C\u00f4ng ty Thang m\u00e1y Ph\u00fa S\u0129<\/strong>\u00a0ch\u1ecbu tr\u00e1ch nhi\u1ec7m tr\u1ef1c, s\u1eeda ch\u1eefa, b\u1ea3o tr\u00ec b\u1ea3o \u0111\u1ea3m thang ho\u1ea1t \u0111\u1ed9ng li\u1ec7n t\u1ee5c, kh\u00f4ng \u1ea3nh h\u01b0\u1edfng \u0111\u1ebfn vi\u1ec7c khai th\u00e1c, kinh doanh c\u1ee7a kh\u00e1ch h\u00e0ng, kh\u00f4ng t\u00ednh ti\u1ec1n kh\u00e1ch h\u00e0ng khi thay th\u1ebf linh ki\u1ec7n, ph\u1ee5 t\u00f9ng, k\u1ec3 c\u1ea3 thi\u1ebft b\u1ecb c\u00f3 gi\u00e1 tr\u1ecb cao (tr\u1eeb tr\u01b0\u1eddng h\u1ee3p kh\u00e1ch h\u00e0ng s\u1eed d\u1ee5ng thang kh\u00f4ng \u0111\u00fang quy c\u00e1ch l\u00e0m h\u01b0 h\u1ecfng).<\/span><\/p>\n<p><span style=\"font-size: 14pt;\"><strong><u>II. CAM K\u1ebeT C\u1ee6A C\u00d4NG TY THANG M\u00c1Y PH\u00da S\u0128:<\/u><\/strong><\/span><\/p>\n<ul>\n<li><span style=\"font-size: 14pt;\">B\u1ea3o tr\u00ec, s\u1eeda ch\u1eefa \u0111\u01b0\u1ee3c t\u00ednh to\u00e1n tr\u00ean c\u01a1 s\u1edf \u0111\u00e1p \u1ee9ng y\u00eau c\u1ea7u c\u1ee7a kh\u00e1ch h\u00e0ng trong kho\u1ea3ng th\u1eddi gian t\u1eeb 8:00-17:00, k\u1ec3 c\u1ea3 Ch\u1ee7 nh\u1eadt v\u00e0 c\u00e1c ng\u00e0y ngh\u1ec9 l\u1ec5.<\/span><\/li>\n<\/ul>\n<ul>\n<li><span style=\"font-size: 14pt;\">\u0110\u1ea3m b\u1ea3o c\u00f3 m\u1eb7t t\u1ea1i c\u00f4ng tr\u00ecnh trong kho\u1ea3ng th\u1eddi gian 1\u00a0gi\u1edd ngay khi nh\u1eadn th\u00f4ng b\u00e1o thang h\u01b0.<\/span><\/li>\n<\/ul>\n<ul>\n<li><span style=\"font-size: 14pt;\">L\u01b0u kho ph\u1ee5 t\u00f9ng, v\u1eadt t\u01b0 \u0111\u1ec3 \u0111\u1ea3m b\u1ea3o thay th\u1ebf ngay khi c\u1ea7n thi\u1ebft.<\/span><\/li>\n<\/ul>\n<ul>\n<li><span style=\"font-size: 14pt;\">Th\u00f4ng b\u00e1o, t\u01b0 v\u1ea5n cho v\u1ea5n cho kh\u00e1ch h\u00e0ng v\u1ec1 nh\u1eefng v\u1ea5n \u0111\u1ec1 li\u00ean quan \u0111\u1ebfn vi\u1ec7c s\u1eed d\u1ee5ng thang c\u0169ng nh\u01b0 ho\u1ea1t \u0111\u1ed9ng c\u1ee7a thang, ch\u1ea5t l\u01b0\u1ee3ng c\u1ee7a v\u1eadt t\u01b0, linh ki\u1ec7n c\u1ee7a thang.<\/span><\/li>\n<\/ul>\n<ul>\n<li><span style=\"font-size: 14pt;\">B\u1ea3o tr\u00ec m\u1ed7i th\u00e1ng m\u1ed9t l\u1ea7n, thay d\u1ea7u m\u1ee1, v\u1ec7 sinh theo ch\u1ebf \u0111\u1ed9 b\u1ea3o tr\u00ec, b\u1ea3o d\u01b0\u1ee1ng \u0111\u1ecbnh k\u1ef3.<\/span><\/li>\n<\/ul>\n<p><span style=\"font-size: 14pt;\"><strong>\u0110\u1ec3 \u0111\u01b0\u1ee3c t\u01b0 v\u1ea5n, h\u01b0\u1edbng d\u1eabn, h\u1ed7 tr\u1ee3 v\u1ec1 d\u1ecbch v\u1ee5, vui l\u00f2ng li\u00ean h\u1ec7:<\/strong><\/span><\/p>\n<p><span style=\"font-size: 14pt;\"><em><a href=\"http:\/\/thangmayphusi.com\/lien-he\/\">\u0110\u1ec3 l\u1ea1i th\u00f4ng tin\u00a0\u0111\u1ec3\u00a0\u0111\u01b0\u1ee3c t\u01b0 v\u1ea5n<\/a><\/em><\/span><\/p>\n<p><span style=\"font-size: 14pt;\"><em>Hotline ph\u1ee5c v\u1ee5 24\/7:<strong> 0912 795 339 (Zalo, Viber, Whats&#8217;App)<\/strong><\/em><\/span><\/p>\n<p><span style=\"font-size: 14pt;\"><em>Ho\u1eb7c email: <strong>info@phusielevator.com<\/strong><\/em><\/span>[\/vc_column_text][vc_separator]\n    <h2 class=\"text-left\" >D\u1ecbch V\u1ee5 Li\u00ean Quan<\/h2>\n    \t    <div class=\"wprt-lines style-1 custom-3\">\n\t        <div class=\"line-1\"><\/div>\n\t    <\/div>\n    \n        \t\n[vc_column_text css=&#8221;.vc_custom_1543372159539{padding-top: 20px !important;}&#8221;]<\/p>\n<ul class=\"relatedProducts\">\n<li><span style=\"font-size: 14pt; color: #ff9900;\"><a style=\"color: #ff9900;\" title=\"N\u00e2ng c\u1ea5p c\u1ea3i t\u1ea1o\" href=\"http:\/\/thangmayphusi.com\/dich-vu\/nang-cap-cai-tao\/\">N\u00e2ng c\u1ea5p c\u1ea3i t\u1ea1o<\/a><\/span><\/li>\n<li><span style=\"font-size: 14pt; color: #ff9900;\"><a style=\"color: #ff9900;\" title=\"N\u00e2ng c\u1ea5p c\u1ea3i t\u1ea1o\" href=\"http:\/\/thangmayphusi.com\/san-pham\/thang-may-nhap-misubishi\/\">S\u1ea3n Ph\u1ea9m: Thang M\u00e1y Nh\u1eadp Mitsubishi<\/a><\/span><\/li>\n<li><span style=\"font-size: 14pt; color: #ff9900;\"><a style=\"color: #ff9900;\" title=\"N\u00e2ng c\u1ea5p c\u1ea3i t\u1ea1o\" href=\"http:\/\/thangmayphusi.com\/en\/san-pham\/thang-may-tai-hang\/\">S\u1ea3n Ph\u1ea9m: Thang M\u00e1y T\u1ea3i H\u00e0ng<\/a><\/span><\/li>\n<li><span style=\"font-size: 14pt; color: #ff9900;\"><a style=\"color: #ff9900;\" title=\"N\u00e2ng c\u1ea5p c\u1ea3i t\u1ea1o\" href=\"http:\/\/thangmayphusi.com\/en\/san-pham\/thang-may-benh-vien\/\">S\u1ea3n Ph\u1ea9m: Thang M\u00e1y B\u1ec7nh Vi\u1ec7n<\/a><\/span><\/li>\n<li><span style=\"font-size: 14pt; color: #ff9900;\"><a style=\"color: #ff9900;\" title=\"N\u00e2ng c\u1ea5p c\u1ea3i t\u1ea1o\" href=\"http:\/\/thangmayphusi.com\/en\/san-pham\/thang-may-chung-cu\/\">S\u1ea3n Ph\u1ea9m: Thang M\u00e1y Chung C\u01b0<\/a><\/span><\/li>\n<\/ul>\n<p>[\/vc_column_text][\/vc_column][\/vc_row]<\/p>\n","protected":false},"excerpt":{"rendered":"<p>[vc_row][vc_column width=&#8221;11\/12&#8243;][vc_single_image image=&#8221;1942&#8243; img_size=&#8221;full&#8221;][vc_column_text]B\u1ea3o tr\u00ec thang m\u00e1y l\u00e0 d\u1ecbch v\u1ee5 b\u1ea3o d\u01b0\u1ee1ng k\u1ef9 thu\u1eadt \u0111\u1ecbnh k\u1ef3 \u0111\u1ec3 duy tr\u00ec ho\u1ea1t \u0111\u1ed9ng li\u00ean t\u1ee5c c\u1ee7a thang m\u00e1y nh\u1eb1m ph\u00e1t hi\u1ec7n s\u1edbm v\u00e0 ng\u0103n ch\u1eb7n k\u1ecbp th\u1eddi nh\u1eefng s\u1ef1 c\u1ed1h\u1ecfng h\u00f3c c\u00f3 th\u1ec3 x\u1ea3y ra.[\/vc_column_text][vc_single_image image=&#8221;1942&#8243; img_size=&#8221;large&#8221; alignment=&#8221;center&#8221;][vc_single_image image=&#8221;2026&#8243; img_size=&#8221;large&#8221; alignment=&#8221;center&#8221;][vc_column_text]I. H\u00ccNH TH\u1ee8C B\u1ea2O TR\u00cc: 1. B\u1ea3o [&hellip;]<\/p>\n","protected":false},"author":1,"featured_media":0,"parent":703,"menu_order":1,"comment_status":"closed","ping_status":"closed","template":"","meta":{"footnotes":""},"class_list":["post-1025","page","type-page","status-publish","hentry"],"_links":{"self":[{"href":"https:\/\/thangmayphusi.com\/en\/wp-json\/wp\/v2\/pages\/1025"}],"collection":[{"href":"https:\/\/thangmayphusi.com\/en\/wp-json\/wp\/v2\/pages"}],"about":[{"href":"https:\/\/thangmayphusi.com\/en\/wp-json\/wp\/v2\/types\/page"}],"author":[{"embeddable":true,"href":"https:\/\/thangmayphusi.com\/en\/wp-json\/wp\/v2\/users\/1"}],"replies":[{"embeddable":true,"href":"https:\/\/thangmayphusi.com\/en\/wp-json\/wp\/v2\/comments?post=1025"}],"version-history":[{"count":4,"href":"https:\/\/thangmayphusi.com\/en\/wp-json\/wp\/v2\/pages\/1025\/revisions"}],"predecessor-version":[{"id":3830,"href":"https:\/\/thangmayphusi.com\/en\/wp-json\/wp\/v2\/pages\/1025\/revisions\/3830"}],"up":[{"embeddable":true,"href":"https:\/\/thangmayphusi.com\/en\/wp-json\/wp\/v2\/pages\/703"}],"wp:attachment":[{"href":"https:\/\/thangmayphusi.com\/en\/wp-json\/wp\/v2\/media?parent=1025"}],"curies":[{"name":"wp","href":"https:\/\/api.w.org\/{rel}","templated":true}]}}