{"id":1031,"date":"2018-09-14T06:32:17","date_gmt":"2018-09-13T23:32:17","guid":{"rendered":"http:\/\/beta.thangmayphusi.com\/?page_id=1031"},"modified":"2025-01-03T15:20:15","modified_gmt":"2025-01-03T08:20:15","slug":"tu-van-ky-thuat","status":"publish","type":"page","link":"https:\/\/thangmayphusi.com\/en\/tu-van\/tu-van-ky-thuat\/","title":{"rendered":"TECHNICAL CONSULTANCE"},"content":{"rendered":"<p>[vc_row css=&#8221;.vc_custom_1622572221893{padding-top: 40px !important;padding-bottom: 40px !important;background: #f8f8f8 url(https:\/\/thangmayphusi.com\/wp-content\/uploads\/2021\/06\/body_bg_image.jpeg?id=2971) !important;}&#8221;][vc_column width=&#8221;2\/3&#8243; offset=&#8221;vc_col-xs-12&#8243;][vc_single_image image=&#8221;3164&#8243; img_size=&#8221;full&#8221; onclick=&#8221;custom_link&#8221; link=&#8221;https:\/\/thangmayphusi.com\/vi\/tu-van\/tu-van-ky-thuat\/&#8221;][vc_row_inner css=&#8221;.vc_custom_1623010420522{margin-top: -20px !important;margin-right: 50px !important;}&#8221;][vc_column_inner width=&#8221;1\/2&#8243;][vc_custom_heading text=&#8221;T\u01b0 V\u1ea5n K\u1ef9 Thu\u1eadt&#8221; font_container=&#8221;tag:h3|text_align:left&#8221; use_theme_fonts=&#8221;yes&#8221; link=&#8221;url:https%3A%2F%2Fthangmayphusi.com%2Ftu-van%2Ftu-van-ky-thuat%2F|||&#8221;][\/vc_column_inner][vc_column_inner width=&#8221;1\/4&#8243;][vc_btn title=&#8221;T\u01b0 V\u1ea5n&#8221; style=&#8221;classic&#8221; shape=&#8221;square&#8221; color=&#8221;warning&#8221; size=&#8221;sm&#8221; align=&#8221;right&#8221; link=&#8221;url:https%3A%2F%2Fthangmayphusi.com%2Ftu-van%2F|||&#8221;][\/vc_column_inner][vc_column_inner width=&#8221;1\/4&#8243;][vc_btn title=&#8221;T\u01b0 V\u1ea5n Chung&#8221; style=&#8221;classic&#8221; shape=&#8221;square&#8221; color=&#8221;warning&#8221; size=&#8221;sm&#8221; link=&#8221;url:https%3A%2F%2Fthangmayphusi.com%2Ftu-van%2Ftuoi-tho-thiet-bi-thang-may%2F|||&#8221;][\/vc_column_inner][\/vc_row_inner][vc_column_text]Thang m\u00e1y, thang cu\u1ed1n, b\u0103ng t\u1ea3i h\u00e0nh kh\u00e1ch lu\u00f4n y\u00eau c\u1ea7u nghi\u00eam ng\u1eb7t v\u1ec1 c\u00e1c t\u00ednh n\u0103ng an to\u00e0n\u00a0\u0111\u1ec3\u00a0\u0111\u1ea3m b\u1ea3o an to\u00e0n tuy\u1ec7t\u00a0\u0111\u1ed1i cho ng\u01b0\u1eddi s\u1eed d\u1ee5ng. V\u00ec v\u1eady, v\u1edbi kinh nghi\u1ec7m h\u01a1n 15 n\u0103m trong l\u0129nh v\u1ef1c thang m\u00e1y, thang cu\u1ed1n, b\u0103ng t\u1ea3i h\u00e0nh kh\u00e1ch, Ph\u00fa S\u0129 lu\u00f4n t\u00ecm ki\u1ebfm v\u00e0 l\u1ef1a ch\u1ecdn nh\u1eefng <a href=\"https:\/\/thangmayphusi.com\/tu-van\/tu-van-ky-thuat\/tu-van-ky-thuat\/\">[\u2026]<\/a>[\/vc_column_text][vc_row_inner css=&#8221;.vc_custom_1623010477718{margin-top: -20px !important;}&#8221;][vc_column_inner width=&#8221;2\/3&#8243;][vc_column_text]<i class=\"fa fa-clock\" style=\"font-size: 16px;\"><\/i> 10\/01\/2021<br \/>\n<i class=\"fa fa-tags\" style=\"font-size: 16px;\"><\/i> <a href=\"https:\/\/thangmayphusi.com\/vi\/tu-van\/\">T\u01b0 V\u1ea5n K\u1ef9 Thu\u1eadt<\/a>[\/vc_column_text][\/vc_column_inner][vc_column_inner width=&#8221;1\/3&#8243; css=&#8221;.vc_custom_1623010510820{margin-left: 20px !important;}&#8221;][vc_btn title=&#8221;Xem Th\u00eam&#8221; shape=&#8221;square&#8221; color=&#8221;warning&#8221; align=&#8221;left&#8221; link=&#8221;url:https%3A%2F%2Fthangmayphusi.com%2Ftu-van%2Ftu-van-ky-thuat%2Ftu-van-ky-thuat%2F|||&#8221;][\/vc_column_inner][\/vc_row_inner][\/vc_column][vc_column width=&#8221;1\/3&#8243;][vc_wp_posts title=&#8221;B\u00e0i Vi\u1ebft G\u1ea7n \u0110\u00e2y&#8221; number=&#8221;5&#8243;][vc_wp_search][vc_separator color=&#8221;black&#8221; css=&#8221;.vc_custom_1623004896533{margin-top: -30px !important;}&#8221;][vc_custom_heading text=&#8221;B\u00e0i Vi\u1ebft G\u1ea7n \u0110\u00e2y&#8221; font_container=&#8221;tag:h1|text_align:left|color:%23ff9900&#8243; use_theme_fonts=&#8221;yes&#8221; link=&#8221;|||&#8221;][vc_wp_custommenu nav_menu=&#8221;68&#8243;][vc_separator color=&#8221;black&#8221; css=&#8221;.vc_custom_1623004896533{margin-top: -30px !important;}&#8221;][vc_custom_heading text=&#8221;Xu H\u01b0\u1edbng T\u00ecm Ki\u1ebfm&#8221; font_container=&#8221;tag:h1|text_align:left|color:%23ff9900&#8243; use_theme_fonts=&#8221;yes&#8221;][vc_row_inner][vc_column_inner width=&#8221;1\/2&#8243;][vc_btn title=&#8221;B\u1ea3o Tr\u00ec S\u1eeda Ch\u1eefa&#8221; style=&#8221;classic&#8221; shape=&#8221;square&#8221; color=&#8221;warning&#8221; size=&#8221;xs&#8221; link=&#8221;url:https%3A%2F%2Fthangmayphusi.com%2Fdich-vu%2Fbao-tri-sua-chua%2F|||&#8221;][vc_btn title=&#8221;T\u01b0 V\u1ea5n Chung&#8221; style=&#8221;classic&#8221; shape=&#8221;square&#8221; color=&#8221;warning&#8221; size=&#8221;xs&#8221; link=&#8221;url:https%3A%2F%2Fthangmayphusi.com%2Ftu-van%2F|||&#8221;][\/vc_column_inner][vc_column_inner width=&#8221;1\/2&#8243;][vc_btn title=&#8221;N\u00e2ng C\u1ea5p C\u1ea3i T\u1ea1o&#8221; style=&#8221;classic&#8221; shape=&#8221;square&#8221; color=&#8221;warning&#8221; size=&#8221;xs&#8221; link=&#8221;url:https%3A%2F%2Fthangmayphusi.com%2Fdich-vu%2Fnang-cap-cai-tao%2F|||&#8221;][vc_btn title=&#8221;T\u01b0 V\u1ea5n K\u1ef9 Thu\u1eadt&#8221; style=&#8221;classic&#8221; shape=&#8221;square&#8221; color=&#8221;warning&#8221; size=&#8221;xs&#8221; link=&#8221;url:https%3A%2F%2Fthangmayphusi.com%2Ftu-van%2Ftu-van-ky-thuat%2F|||&#8221;][\/vc_column_inner][\/vc_row_inner][\/vc_column][\/vc_row]<\/p>\n","protected":false},"excerpt":{"rendered":"<p>[vc_row css=&#8221;.vc_custom_1622572221893{padding-top: 40px !important;padding-bottom: 40px !important;background: #f8f8f8 url(https:\/\/thangmayphusi.com\/wp-content\/uploads\/2021\/06\/body_bg_image.jpeg?id=2971) !important;}&#8221;][vc_column width=&#8221;2\/3&#8243; offset=&#8221;vc_col-xs-12&#8243;][vc_single_image image=&#8221;3164&#8243; img_size=&#8221;full&#8221; onclick=&#8221;custom_link&#8221; link=&#8221;https:\/\/thangmayphusi.com\/vi\/tu-van\/tu-van-ky-thuat\/&#8221;][vc_row_inner css=&#8221;.vc_custom_1623010420522{margin-top: -20px !important;margin-right: 50px !important;}&#8221;][vc_column_inner width=&#8221;1\/2&#8243;][vc_custom_heading text=&#8221;T\u01b0 V\u1ea5n K\u1ef9 Thu\u1eadt&#8221; font_container=&#8221;tag:h3|text_align:left&#8221; use_theme_fonts=&#8221;yes&#8221; link=&#8221;url:https%3A%2F%2Fthangmayphusi.com%2Ftu-van%2Ftu-van-ky-thuat%2F|||&#8221;][\/vc_column_inner][vc_column_inner width=&#8221;1\/4&#8243;][vc_btn title=&#8221;T\u01b0 V\u1ea5n&#8221; style=&#8221;classic&#8221; shape=&#8221;square&#8221; color=&#8221;warning&#8221; size=&#8221;sm&#8221; align=&#8221;right&#8221; link=&#8221;url:https%3A%2F%2Fthangmayphusi.com%2Ftu-van%2F|||&#8221;][\/vc_column_inner][vc_column_inner width=&#8221;1\/4&#8243;][vc_btn title=&#8221;T\u01b0 V\u1ea5n Chung&#8221; style=&#8221;classic&#8221; shape=&#8221;square&#8221; color=&#8221;warning&#8221; size=&#8221;sm&#8221; link=&#8221;url:https%3A%2F%2Fthangmayphusi.com%2Ftu-van%2Ftuoi-tho-thiet-bi-thang-may%2F|||&#8221;][\/vc_column_inner][\/vc_row_inner][vc_column_text]Thang m\u00e1y, thang cu\u1ed1n, b\u0103ng t\u1ea3i h\u00e0nh kh\u00e1ch lu\u00f4n y\u00eau [&hellip;]<\/p>\n","protected":false},"author":1,"featured_media":0,"parent":1029,"menu_order":0,"comment_status":"closed","ping_status":"closed","template":"page-templates\/template-fullwidth.php","meta":{"footnotes":""},"class_list":["post-1031","page","type-page","status-publish","hentry"],"_links":{"self":[{"href":"https:\/\/thangmayphusi.com\/en\/wp-json\/wp\/v2\/pages\/1031"}],"collection":[{"href":"https:\/\/thangmayphusi.com\/en\/wp-json\/wp\/v2\/pages"}],"about":[{"href":"https:\/\/thangmayphusi.com\/en\/wp-json\/wp\/v2\/types\/page"}],"author":[{"embeddable":true,"href":"https:\/\/thangmayphusi.com\/en\/wp-json\/wp\/v2\/users\/1"}],"replies":[{"embeddable":true,"href":"https:\/\/thangmayphusi.com\/en\/wp-json\/wp\/v2\/comments?post=1031"}],"version-history":[{"count":4,"href":"https:\/\/thangmayphusi.com\/en\/wp-json\/wp\/v2\/pages\/1031\/revisions"}],"predecessor-version":[{"id":3849,"href":"https:\/\/thangmayphusi.com\/en\/wp-json\/wp\/v2\/pages\/1031\/revisions\/3849"}],"up":[{"embeddable":true,"href":"https:\/\/thangmayphusi.com\/en\/wp-json\/wp\/v2\/pages\/1029"}],"wp:attachment":[{"href":"https:\/\/thangmayphusi.com\/en\/wp-json\/wp\/v2\/media?parent=1031"}],"curies":[{"name":"wp","href":"https:\/\/api.w.org\/{rel}","templated":true}]}}