{"id":1123,"date":"2018-09-14T14:47:15","date_gmt":"2018-09-14T07:47:15","guid":{"rendered":"http:\/\/beta.thangmayphusi.com\/?page_id=1123"},"modified":"2025-01-03T11:33:22","modified_gmt":"2025-01-03T04:33:22","slug":"thang-may-nhap-mitsubishi","status":"publish","type":"page","link":"https:\/\/thangmayphusi.com\/en\/san-pham\/thang-may-nhap-mitsubishi\/","title":{"rendered":"Mitsubishi Elevator"},"content":{"rendered":"<p>[vc_row][vc_column][vc_single_image image=&#8221;1351&#8243; img_size=&#8221;full&#8221; alignment=&#8221;center&#8221;][vc_column_text]<span style=\"font-size: 14pt;\">THANG M\u00c1Y NH\u1eacP NGO\u1ea0I MITSUBISHI<\/span><\/p>\n<p><span style=\"text-decoration: underline; color: #0000ff;\"><span style=\"font-size: 14pt;\"><a style=\"color: #0000ff; text-decoration: underline;\" title=\"\" href=\"http:\/\/thangmayphusi.com\/lien-he\/\" target=\"_blank\" rel=\"noopener\">Qu\u00fd kh\u00e1ch h\u00e0ng vui l\u00f2ng \u0111\u1ec3\u00a0l\u1ea1i th\u00f4ng tin\u00a0\u0111\u1ec3\u00a0\u0111\u01b0\u1ee3c t\u01b0 v\u1ea5n<\/a><\/span><\/span><\/p>\n<p><span style=\"font-size: 14pt;\">D\u00f2ng s\u1ea3n ph\u1ea9m cao c\u1ea5p, mang\u00a0\u0111\u1ebfn cho kh\u00e1ch h\u00e0ng nhi\u1ec1u l\u1ef1a ch\u1ecdn t\u1ed1i\u00a0\u01b0u.<\/span><\/p>\n<p><span style=\"font-size: 14pt;\">\u2013 S\u1ea3n ph\u1ea9m b\u1ec1n,\u00a0\u0111\u1eb9p,\u00a0\u0111\u1eb3ng c\u1ea5p v\u01b0\u1ee3t tr\u1ed9i<\/span><\/p>\n<p><span style=\"font-size: 14pt;\">\u2013\u00a0\u0110a d\u1ea1ng ch\u1ee7ng lo\u1ea1i, nhi\u1ec1u l\u1ef1a ch\u1ecdn<\/span><\/p>\n<p><span style=\"font-size: 14pt;\">\u2013 Nhi\u1ec1u m\u1eabu m\u00e3\u00a0\u0111\u01a1n gi\u1ea3n c\u00f3, hi\u1ec7n\u00a0\u0111\u1ea1i c\u00f3, sang tr\u1ecdng v\u00e0 c\u1ef1c k\u1ef3\u00a0\u0111\u1eb3ng c\u1ea5p.<\/span><\/p>\n<p><span style=\"font-size: 14pt;\">M\u00e1y k\u00e9o Mitsubishi c\u00f4ng ngh\u1ec7 cao<\/span><\/p>\n<p><span style=\"font-size: 14pt;\">Lo\u1ea1i m\u00e1y k\u00e9o\u00a0\u0111\u1ed3ng b\u1ed9 th\u1ebf h\u1ec7 m\u1edbi, 100% th\u01b0\u01a1ng hi\u1ec7u Mitsubishi nh\u1eadp ch\u00ednh h\u00e3ng\u00a0\u0111\u01b0\u1ee3c ch\u1ebf t\u1ea1o t\u1eeb c\u00e1c lo\u1ea1i ch\u1ea5t hi\u1ebfm tr\u00ean th\u1ebf gi\u1edbi. V\u1edbi k\u1ef9 thu\u1eadt c\u00f4ng ngh\u1ec7 hi\u1ec7n\u00a0\u0111\u1ea1i, m\u00e1y k\u00e9o v\u1eadn h\u00e0nh hi\u1ec7u qu\u1ea3, ti\u00eau th\u1ee5 n\u0103ng l\u01b0\u1ee3ng th\u1ea5p, v\u1eadn h\u00e0nh\u00a0\u00eam,\u00a0\u1ed5n\u00a0\u0111\u1ecbnh. C\u1ea5u tr\u00fac m\u00e1y g\u1ecdn, nh\u1eb9 h\u01a1n r\u1ea5t nhi\u1ec1u so v\u1edbi c\u00e1c lo\u1ea1i m\u00e1y k\u00e9o th\u00f4ng th\u01b0\u1eddng. H\u1ec7 th\u1ed1ng phanh\u00a0\u0111\u01b0\u1ee3c thi\u1ebft k\u1ebf\u00a0\u0111\u1eb7c bi\u1ec7t v\u1edbi c\u00f4ng ngh\u1ec7 ti\u00ean ti\u1ebfn, gi\u1ea3m\u00a0\u0111\u1ed9\u00a0\u1ed3n v\u00e0 r\u1ea5t an to\u00e0n, ch\u1eafc ch\u1eafn.<\/span>[\/vc_column_text][vc_single_image image=&#8221;1349&#8243; img_size=&#8221;full&#8221; alignment=&#8221;center&#8221;][vc_single_image image=&#8221;1350&#8243; img_size=&#8221;full&#8221; alignment=&#8221;center&#8221;][vc_empty_space][vc_column_text]<span style=\"font-size: 14pt;\">XEM TH\u00caM:<span style=\"text-decoration: underline; color: #0000ff;\"><a style=\"color: #0000ff; text-decoration: underline;\" href=\"http:\/\/thangmayphusi.com\/cabin-thang-nhap-mitsubishi\/\" target=\"_blank\" rel=\"noopener\"> TRANG TR\u00cd CABIN THANG M\u00c1Y NH\u1eacP MITSUBISHI<\/a><\/span><\/span><\/p>\n<p><span style=\"text-decoration: underline; color: #0000ff;\"><span style=\"font-size: 14pt;\"><a style=\"color: #0000ff; text-decoration: underline;\" href=\"http:\/\/thangmayphusi.com\/bao-gia\/\" target=\"_blank\" rel=\"noopener\">B\u00e1o gi\u00e1 thang m\u00e1y nh\u1eadp Mitsubishi<\/a><\/span><\/span><\/p>\n<p><span style=\"font-size: 14pt;\">Li\u00ean h\u1ec7\u00a0\u0111\u1ec3\u00a0\u0111\u01b0\u1ee3c t\u01b0 v\u1ea5n:<\/span><\/p>\n<p><span style=\"font-size: 14pt;\">Tel:<\/span><strong><span style=\"font-size: 14pt;\"> 0912 795 339 (Zalo, Viber, Whats&#8217;App)<\/span><\/strong><\/p>\n<p><span style=\"font-size: 14pt;\">Mail:<\/span><strong><span style=\"font-size: 14pt;\"> info@phusielevator.com<\/span><\/strong>[\/vc_column_text][\/vc_column][\/vc_row]<\/p>","protected":false},"excerpt":{"rendered":"<p>[vc_row][vc_column][vc_single_image image=&#8221;1351&#8243; img_size=&#8221;full&#8221; alignment=&#8221;center&#8221;][vc_column_text]THANG M\u00c1Y NH\u1eacP NGO\u1ea0I MITSUBISHI Qu\u00fd kh\u00e1ch h\u00e0ng vui l\u00f2ng \u0111\u1ec3\u00a0l\u1ea1i th\u00f4ng tin\u00a0\u0111\u1ec3\u00a0\u0111\u01b0\u1ee3c t\u01b0 v\u1ea5n D\u00f2ng s\u1ea3n ph\u1ea9m cao c\u1ea5p, mang\u00a0\u0111\u1ebfn cho kh\u00e1ch h\u00e0ng nhi\u1ec1u l\u1ef1a ch\u1ecdn t\u1ed1i\u00a0\u01b0u. \u2013 S\u1ea3n ph\u1ea9m b\u1ec1n,\u00a0\u0111\u1eb9p,\u00a0\u0111\u1eb3ng c\u1ea5p v\u01b0\u1ee3t tr\u1ed9i \u2013\u00a0\u0110a d\u1ea1ng ch\u1ee7ng lo\u1ea1i, nhi\u1ec1u l\u1ef1a ch\u1ecdn \u2013 Nhi\u1ec1u m\u1eabu m\u00e3\u00a0\u0111\u01a1n gi\u1ea3n c\u00f3, hi\u1ec7n\u00a0\u0111\u1ea1i c\u00f3, sang tr\u1ecdng [&hellip;]<\/p>\n","protected":false},"author":1,"featured_media":0,"parent":1104,"menu_order":0,"comment_status":"closed","ping_status":"closed","template":"","meta":{"footnotes":""},"class_list":["post-1123","page","type-page","status-publish","hentry"],"_links":{"self":[{"href":"https:\/\/thangmayphusi.com\/en\/wp-json\/wp\/v2\/pages\/1123"}],"collection":[{"href":"https:\/\/thangmayphusi.com\/en\/wp-json\/wp\/v2\/pages"}],"about":[{"href":"https:\/\/thangmayphusi.com\/en\/wp-json\/wp\/v2\/types\/page"}],"author":[{"embeddable":true,"href":"https:\/\/thangmayphusi.com\/en\/wp-json\/wp\/v2\/users\/1"}],"replies":[{"embeddable":true,"href":"https:\/\/thangmayphusi.com\/en\/wp-json\/wp\/v2\/comments?post=1123"}],"version-history":[{"count":43,"href":"https:\/\/thangmayphusi.com\/en\/wp-json\/wp\/v2\/pages\/1123\/revisions"}],"predecessor-version":[{"id":3843,"href":"https:\/\/thangmayphusi.com\/en\/wp-json\/wp\/v2\/pages\/1123\/revisions\/3843"}],"up":[{"embeddable":true,"href":"https:\/\/thangmayphusi.com\/en\/wp-json\/wp\/v2\/pages\/1104"}],"wp:attachment":[{"href":"https:\/\/thangmayphusi.com\/en\/wp-json\/wp\/v2\/media?parent=1123"}],"curies":[{"name":"wp","href":"https:\/\/api.w.org\/{rel}","templated":true}]}}