{"id":1125,"date":"2018-09-14T14:47:40","date_gmt":"2018-09-14T07:47:40","guid":{"rendered":"http:\/\/beta.thangmayphusi.com\/?page_id=1125"},"modified":"2025-01-02T10:30:12","modified_gmt":"2025-01-02T03:30:12","slug":"thang-may-nhap-fuji","status":"publish","type":"page","link":"https:\/\/thangmayphusi.com\/en\/san-pham\/thang-may-nhap-fuji\/","title":{"rendered":"Fuji Elevator"},"content":{"rendered":"<p>[vc_row][vc_column][vc_column_text]<span style=\"text-decoration: underline; color: #0000ff;\"><span style=\"font-size: 14pt;\"><a style=\"color: #0000ff; text-decoration: underline;\" title=\"\" href=\"http:\/\/thangmayphusi.com\/lien-he\/\" target=\"_blank\" rel=\"noopener\">Qu\u00fd kh\u00e1ch h\u00e0ng vui l\u00f2ng \u0111\u1ec3\u00a0l\u1ea1i th\u00f4ng tin\u00a0\u0111\u1ec3\u00a0\u0111\u01b0\u1ee3c t\u01b0 v\u1ea5n<\/a><\/span><\/span><\/p>\n<p><center><iframe title=\"YouTube video player\" src=\"https:\/\/www.youtube.com\/embed\/OrkIXdm58TY?si=MOQBveFaqThK1P_I\" width=\"840\" height=\"472\" frameborder=\"0\" allowfullscreen=\"allowfullscreen\"><\/iframe><center><\/center><\/center><span style=\"font-size: 14pt; color: #000000;\">Cung c\u1ea5p d\u00f2ng thang m\u00e1y nh\u1eadp ngo\u1ea1i 100% hi\u1ec7u Fuji Japan, nh\u1eadp t\u1eeb \u0110\u00e0i Loan, Nh\u1eadt B\u1ea3n.<\/span><\/p>\n<p><span style=\"font-size: 14pt;\">L\u00e0 th\u01b0\u01a1ng hi\u1ec7u th\u1ec3 hi\u1ec7n \u0111\u1eb3ng c\u1ea5p, ch\u1ea5t l\u01b0\u1ee3ng v\u01b0\u1ee3t tr\u1ed9i c\u00f9ng v\u1edbi nhi\u1ec1u t\u00ednh n\u0103ng th\u00f4ng minh cho c\u00e1c c\u00f4ng tr\u00ecnh, c\u00e1c t\u00f2a nh\u00e0 hi\u1ec7n \u0111\u1ea1i ng\u00e0y nay.<\/span><\/p>\n<p><span style=\"font-size: 14pt; color: #000000;\">V\u1edbi c\u00f4ng ngh\u1ec7 hi\u1ec7n\u00a0\u0111\u1ea1i v\u00e0 ti\u00ean ti\u1ebfn nh\u1ea5t, h\u00e0nh kh\u00e1ch s\u1ebd c\u00f3\u00a0\u0111\u01b0\u1ee3c nh\u1eefng tr\u1ea3i nghi\u1ec7m tuy\u1ec7t v\u1eddi v\u1edbi d\u00f2ng thang nh\u1eadp ngo\u1ea1i mang t\u1ea7m \u0111\u1eb3ng c\u1ea5p qu\u1ed1c t\u1ebf: Fuji Japan\u2013\u00a0Nh\u00e3n hi\u1ec7u thang m\u00e1y th\u1eddi\u00a0\u0111\u1ea1i lu\u00f4n\u00a0theo \u0111u\u1ed5i c\u1ea3i ti\u1ebfn c\u00f4ng ngh\u1ec7 \u0111\u1ec3 \u0111\u00e1p \u1ee9ng t\u1ed1t h\u01a1n v\u00e0 t\u1ed1t nh\u1ea5t xu h\u01b0\u1edbng ph\u00e1t tri\u1ec3n n\u1ed1i ti\u1ebfp, li\u00ean t\u1ee5c c\u1ee7a x\u00e3 h\u1ed9i.<\/span><\/p>\n<p><span style=\"font-size: 14pt; color: #000000;\">S\u1eed d\u1ee5ng d\u00f2ng thang m\u00e1y nh\u1eadp ngo\u1ea1i Fuji Japan:<\/span><\/p>\n<p><span style=\"font-size: 14pt; color: #000000;\">\u2013 Ti\u1ebft ki\u1ec7m t\u1ed1i\u00a0\u0111a v\u1ec1 kh\u00f4ng gian x\u00e2y d\u1ef1ng,\u00a0th\u1eddi gian di chuy\u1ec3n,\u00a0\u0111i\u1ec7n n\u0103ng ti\u00eau th\u1ee5<\/span><\/p>\n<p><span style=\"font-size: 14pt; color: #000000;\">\u2013 Ch\u1ea5t l\u01b0\u1ee3ng an to\u00e0n, b\u1ec1n b\u0129 v\u00e0\u00a0\u0111\u00e1ng tin c\u1eady<\/span><\/p>\n<p><span style=\"font-size: 14pt; color: #000000;\">\u2013 L\u00e0 ni\u1ec1m tin tuy\u1ec7t\u00a0\u0111\u1ed1i cho m\u1ecdi c\u00f4ng tr\u00ecnh<\/span><\/p>\n<p><span style=\"font-size: 14pt; color: #000000;\">Ph\u00f9 h\u1ee3p l\u1eafp\u00a0\u0111\u1eb7t cho c\u00e1c h\u1ed9 gia\u00a0\u0111\u00ecnh, nh\u00e0 ri\u00eang, kh\u00e1ch s\u1ea1n, cao\u00a0\u1ed1c v\u0103n ph\u00f2ng, trung t\u00e2m th\u01b0\u01a1ng m\u1ea1i, chung c\u01b0, b\u1ec7nh vi\u1ec7n,\u2026<\/span><\/p>\n<p><span style=\"font-size: 14pt; color: #000000;\">D\u00d2NG THANG M\u00c1Y HI\u1ec6U FUJI \u2013 NH\u1eacT B\u1ea2N<\/span>[\/vc_column_text][vc_single_image image=&#8221;3771&#8243; img_size=&#8221;full&#8221; alignment=&#8221;center&#8221;][vc_column_text]<strong><span style=\"text-decoration: underline; color: #0000ff;\"><span style=\"font-size: 14pt;\">THI\u1ebeT K\u1ebe THANG M\u00c1Y FUJI JAPAN KH\u00d4NG H\u1ed0 PIT CHO GIA \u0110\u00ccNH<\/span><\/span><\/strong><br \/>\nThang m\u00e1y kh\u00f4ng h\u1ed1 pit hi\u1ec7u Fuji Japan d\u00e0nh cho gia \u0111\u00ecnh l\u00e0 d\u00f2ng thang m\u00e1y m\u1edbi ph\u00f9 h\u1ee3p\u00a0 l\u1eafp \u0111\u1eb7t \u1edf m\u1ecdi kh\u00f4ng gian nh\u1ecf h\u1eb9p trong ng\u00f4i nh\u00e0, ph\u00f9 h\u1ee3p cho nh\u00e0 c\u1ea3i t\u1ea1o l\u1ea1i, nh\u00e0 x\u00e2y m\u1edbi v\u1edbi kh\u00f4ng gian h\u1ea1n ch\u1ebf ho\u1eb7c b\u1ea5t k\u1ef3 kho\u1ea3ng kh\u00f4ng gian n\u00e0o.<\/p>\n<p>Ch\u1ec9 c\u1ea7n kho\u1ea3ng kh\u00f4ng gian ch\u1eeba tr\u1ed1ng trong nh\u00e0 v\u1edbi k\u00edch th\u01b0\u1edbc t\u1ed1i thi\u1ec3u: 1300 x 1400 (mm)<\/p>\n<p>K\u00edch th\u01b0\u1edbc ph\u00f2ng thang: 900 x 1050 (mm)<\/p>\n<p>Ngo\u00e0i ra, thang m\u00e1y gia \u0111\u00ecnh th\u00f4ng th\u01b0\u1eddng s\u1ebd c\u1ea7n h\u1ed1 pit s\u00e2u t\u1ed1i thi\u1ec3u 1 m\u00e9t. Vi\u1ec7c n\u00e0y s\u1ebd l\u00e0m x\u1ea3y ra v\u1ea5n \u0111\u1ec1 v\u1ec1 nh\u1eefng c\u00f4ng tr\u00ecnh ph\u1ee5 b\u00ean d\u01b0\u1edbi h\u1ed1 pit, v\u00e0 nhi\u1ec1u v\u1ea5n \u0111\u1ec1 kh\u00e1c li\u00ean quan \u0111\u1ebfn x\u00e2y d\u1ef1ng. Thang m\u00e1y gia \u0111\u00ecnh kh\u00f4ng h\u1ed1 pit hi\u1ec7u Fuji Japan ho\u00e0n to\u00e0n kh\u00f4ng c\u1ea7n h\u1ed1 pit, l\u00e0 gi\u1ea3i ph\u00e1p v\u00f4 c\u00f9ng ho\u00e0n h\u1ea3o cho d\u00f2ng thang m\u00e1y t\u1eeb 2 \u0111\u1ebfn 5 \u0111i\u1ec3m d\u1eebng.<\/p>\n<ol>\n<li><span style=\"font-size: 14pt;\"><strong>H\u1ec7 th\u1ed1ng \u0111i\u1ec1u khi\u1ec3n \u0111\u1eb7t b\u00ean h\u00f4ng h\u1ed1 thang<\/strong><\/span><\/li>\n<\/ol>\n<p><img decoding=\"async\" class=\"alignnone size-medium wp-image-3765\" src=\"https:\/\/thangmayphusi.com\/wp-content\/uploads\/2024\/08\/Shaft-1-300x300.jpg\" alt=\"\" width=\"300\" height=\"300\" srcset=\"https:\/\/thangmayphusi.com\/wp-content\/uploads\/2024\/08\/Shaft-1-300x300.jpg 300w, https:\/\/thangmayphusi.com\/wp-content\/uploads\/2024\/08\/Shaft-1-150x150.jpg 150w, https:\/\/thangmayphusi.com\/wp-content\/uploads\/2024\/08\/Shaft-1.jpg 600w\" sizes=\"(max-width: 300px) 100vw, 300px\" \/><img decoding=\"async\" class=\"alignnone size-medium wp-image-3766\" src=\"https:\/\/thangmayphusi.com\/wp-content\/uploads\/2024\/08\/Shaft-2-300x300.jpg\" alt=\"\" width=\"300\" height=\"300\" srcset=\"https:\/\/thangmayphusi.com\/wp-content\/uploads\/2024\/08\/Shaft-2-300x300.jpg 300w, https:\/\/thangmayphusi.com\/wp-content\/uploads\/2024\/08\/Shaft-2-150x150.jpg 150w, https:\/\/thangmayphusi.com\/wp-content\/uploads\/2024\/08\/Shaft-2.jpg 600w\" sizes=\"(max-width: 300px) 100vw, 300px\" \/><\/p>\n<p><span style=\"font-size: 14pt;\"><strong>2. H\u1ec7 th\u1ed1ng \u0111i\u1ec1u khi\u1ec3n \u0111\u1eb7t tr\u00ean \u0111\u1ec9nh h\u1ed1 thang<\/strong><\/span><\/p>\n<p><img decoding=\"async\" class=\"alignnone size-medium wp-image-3767\" src=\"https:\/\/thangmayphusi.com\/wp-content\/uploads\/2024\/08\/Shaft-3-300x300.jpg\" alt=\"\" width=\"300\" height=\"300\" srcset=\"https:\/\/thangmayphusi.com\/wp-content\/uploads\/2024\/08\/Shaft-3-300x300.jpg 300w, https:\/\/thangmayphusi.com\/wp-content\/uploads\/2024\/08\/Shaft-3-150x150.jpg 150w, https:\/\/thangmayphusi.com\/wp-content\/uploads\/2024\/08\/Shaft-3.jpg 600w\" sizes=\"(max-width: 300px) 100vw, 300px\" \/><img decoding=\"async\" class=\"alignnone size-medium wp-image-3768\" src=\"https:\/\/thangmayphusi.com\/wp-content\/uploads\/2024\/08\/Shaft-4-300x300.jpg\" alt=\"\" width=\"300\" height=\"300\" srcset=\"https:\/\/thangmayphusi.com\/wp-content\/uploads\/2024\/08\/Shaft-4-300x300.jpg 300w, https:\/\/thangmayphusi.com\/wp-content\/uploads\/2024\/08\/Shaft-4-150x150.jpg 150w, https:\/\/thangmayphusi.com\/wp-content\/uploads\/2024\/08\/Shaft-4.jpg 600w\" sizes=\"(max-width: 300px) 100vw, 300px\" \/><\/p>\n<p><img decoding=\"async\" class=\"alignnone size-medium wp-image-3755\" src=\"https:\/\/thangmayphusi.com\/wp-content\/uploads\/2024\/08\/Shaft-300x218.jpg\" alt=\"\" width=\"300\" height=\"218\" srcset=\"https:\/\/thangmayphusi.com\/wp-content\/uploads\/2024\/08\/Shaft-300x218.jpg 300w, https:\/\/thangmayphusi.com\/wp-content\/uploads\/2024\/08\/Shaft.jpg 498w\" sizes=\"(max-width: 300px) 100vw, 300px\" \/><img decoding=\"async\" class=\"alignnone size-medium wp-image-3763\" src=\"https:\/\/thangmayphusi.com\/wp-content\/uploads\/2024\/08\/Khung-cua-kinh-300x218.jpg\" alt=\"\" width=\"300\" height=\"218\" srcset=\"https:\/\/thangmayphusi.com\/wp-content\/uploads\/2024\/08\/Khung-cua-kinh-300x218.jpg 300w, https:\/\/thangmayphusi.com\/wp-content\/uploads\/2024\/08\/Khung-cua-kinh.jpg 498w\" sizes=\"(max-width: 300px) 100vw, 300px\" \/><\/p>\n<p><img decoding=\"async\" class=\"alignnone size-medium wp-image-3757\" src=\"https:\/\/thangmayphusi.com\/wp-content\/uploads\/2024\/08\/Cabin-214x300.jpg\" alt=\"\" width=\"214\" height=\"300\" srcset=\"https:\/\/thangmayphusi.com\/wp-content\/uploads\/2024\/08\/Cabin-214x300.jpg 214w, https:\/\/thangmayphusi.com\/wp-content\/uploads\/2024\/08\/Cabin.jpg 498w\" sizes=\"(max-width: 214px) 100vw, 214px\" \/> <img decoding=\"async\" class=\"alignnone size-medium wp-image-3758\" src=\"https:\/\/thangmayphusi.com\/wp-content\/uploads\/2024\/08\/Cabin-2-214x300.jpg\" alt=\"\" width=\"214\" height=\"300\" srcset=\"https:\/\/thangmayphusi.com\/wp-content\/uploads\/2024\/08\/Cabin-2-214x300.jpg 214w, https:\/\/thangmayphusi.com\/wp-content\/uploads\/2024\/08\/Cabin-2.jpg 498w\" sizes=\"(max-width: 214px) 100vw, 214px\" \/><img decoding=\"async\" class=\"alignnone size-medium wp-image-3759\" src=\"https:\/\/thangmayphusi.com\/wp-content\/uploads\/2024\/08\/cabin-4-214x300.jpg\" alt=\"\" width=\"214\" height=\"300\" srcset=\"https:\/\/thangmayphusi.com\/wp-content\/uploads\/2024\/08\/cabin-4-214x300.jpg 214w, https:\/\/thangmayphusi.com\/wp-content\/uploads\/2024\/08\/cabin-4.jpg 498w\" sizes=\"(max-width: 214px) 100vw, 214px\" \/><img decoding=\"async\" class=\"alignnone size-medium wp-image-3761\" src=\"https:\/\/thangmayphusi.com\/wp-content\/uploads\/2024\/08\/cabin-6-214x300.jpg\" alt=\"\" width=\"214\" height=\"300\" srcset=\"https:\/\/thangmayphusi.com\/wp-content\/uploads\/2024\/08\/cabin-6-214x300.jpg 214w, https:\/\/thangmayphusi.com\/wp-content\/uploads\/2024\/08\/cabin-6.jpg 498w\" sizes=\"(max-width: 214px) 100vw, 214px\" \/>[\/vc_column_text][vc_column_text]<span style=\"text-decoration: underline; color: #0000ff;\"><span style=\"font-size: 14pt;\">C\u00c1C M\u1eaaU CABIN THANG M\u00c1Y FUJI JAPAN CHO THANG HOMELIFT<\/span><\/span><\/p>\n<p><img decoding=\"async\" class=\"alignnone size-medium wp-image-3689\" src=\"https:\/\/thangmayphusi.com\/wp-content\/uploads\/2024\/03\/WhatsApp-Image-2020-09-17-at-13.24.39-225x300.jpeg\" alt=\"\" width=\"225\" height=\"300\" srcset=\"https:\/\/thangmayphusi.com\/wp-content\/uploads\/2024\/03\/WhatsApp-Image-2020-09-17-at-13.24.39-225x300.jpeg 225w, https:\/\/thangmayphusi.com\/wp-content\/uploads\/2024\/03\/WhatsApp-Image-2020-09-17-at-13.24.39.jpeg 361w\" sizes=\"(max-width: 225px) 100vw, 225px\" \/><img decoding=\"async\" class=\"alignnone size-medium wp-image-3688\" src=\"https:\/\/thangmayphusi.com\/wp-content\/uploads\/2024\/03\/WhatsApp-Image-2020-09-17-at-13.24.38-225x300.jpeg\" alt=\"\" width=\"225\" height=\"300\" srcset=\"https:\/\/thangmayphusi.com\/wp-content\/uploads\/2024\/03\/WhatsApp-Image-2020-09-17-at-13.24.38-225x300.jpeg 225w, https:\/\/thangmayphusi.com\/wp-content\/uploads\/2024\/03\/WhatsApp-Image-2020-09-17-at-13.24.38.jpeg 361w\" sizes=\"(max-width: 225px) 100vw, 225px\" \/><img decoding=\"async\" class=\"alignnone size-medium wp-image-3687\" src=\"https:\/\/thangmayphusi.com\/wp-content\/uploads\/2024\/03\/WhatsApp-Image-2020-09-17-at-13.24.38-2-225x300.jpeg\" alt=\"\" width=\"225\" height=\"300\" srcset=\"https:\/\/thangmayphusi.com\/wp-content\/uploads\/2024\/03\/WhatsApp-Image-2020-09-17-at-13.24.38-2-225x300.jpeg 225w, https:\/\/thangmayphusi.com\/wp-content\/uploads\/2024\/03\/WhatsApp-Image-2020-09-17-at-13.24.38-2.jpeg 361w\" sizes=\"(max-width: 225px) 100vw, 225px\" \/><img decoding=\"async\" class=\"alignnone size-medium wp-image-3686\" src=\"https:\/\/thangmayphusi.com\/wp-content\/uploads\/2024\/03\/WhatsApp-Image-2020-09-17-at-13.24.38-1-225x300.jpeg\" alt=\"\" width=\"225\" height=\"300\" srcset=\"https:\/\/thangmayphusi.com\/wp-content\/uploads\/2024\/03\/WhatsApp-Image-2020-09-17-at-13.24.38-1-225x300.jpeg 225w, https:\/\/thangmayphusi.com\/wp-content\/uploads\/2024\/03\/WhatsApp-Image-2020-09-17-at-13.24.38-1.jpeg 361w\" sizes=\"(max-width: 225px) 100vw, 225px\" \/><img decoding=\"async\" class=\"alignnone size-medium wp-image-3685\" src=\"https:\/\/thangmayphusi.com\/wp-content\/uploads\/2024\/03\/WhatsApp-Image-2020-09-17-at-13.24.37-2-225x300.jpeg\" alt=\"\" width=\"225\" height=\"300\" srcset=\"https:\/\/thangmayphusi.com\/wp-content\/uploads\/2024\/03\/WhatsApp-Image-2020-09-17-at-13.24.37-2-225x300.jpeg 225w, https:\/\/thangmayphusi.com\/wp-content\/uploads\/2024\/03\/WhatsApp-Image-2020-09-17-at-13.24.37-2.jpeg 480w\" sizes=\"(max-width: 225px) 100vw, 225px\" \/><img decoding=\"async\" class=\"alignnone size-medium wp-image-3684\" src=\"https:\/\/thangmayphusi.com\/wp-content\/uploads\/2024\/03\/WhatsApp-Image-2020-09-17-at-13.24.37-1-225x300.jpeg\" alt=\"\" width=\"225\" height=\"300\" srcset=\"https:\/\/thangmayphusi.com\/wp-content\/uploads\/2024\/03\/WhatsApp-Image-2020-09-17-at-13.24.37-1-225x300.jpeg 225w, https:\/\/thangmayphusi.com\/wp-content\/uploads\/2024\/03\/WhatsApp-Image-2020-09-17-at-13.24.37-1.jpeg 480w\" sizes=\"(max-width: 225px) 100vw, 225px\" \/>[\/vc_column_text][vc_column_text]<span style=\"text-decoration: underline; color: #0000ff;\"><span style=\"font-size: 14pt;\">C\u00c1C M\u1eaaU C\u1eecA T\u1ea6NG THANG M\u00c1Y FUJI JAPAN CHO THANG HOMELIFT<\/span><\/span><\/p>\n<p><iframe title=\"Trang tr\u00ed cua tang Thang m\u00e1y FujiJapan\" width=\"640\" height=\"360\" src=\"https:\/\/www.youtube.com\/embed\/dTuhFQdG5PY?feature=oembed\" frameborder=\"0\" allow=\"accelerometer; autoplay; clipboard-write; encrypted-media; gyroscope; picture-in-picture; web-share\" referrerpolicy=\"strict-origin-when-cross-origin\" allowfullscreen><\/iframe><\/p>\n<p><img decoding=\"async\" class=\"alignnone size-medium wp-image-3691\" src=\"https:\/\/thangmayphusi.com\/wp-content\/uploads\/2024\/03\/WhatsApp-Image-2020-09-17-at-13.24.36-225x300.jpeg\" alt=\"\" width=\"225\" height=\"300\" srcset=\"https:\/\/thangmayphusi.com\/wp-content\/uploads\/2024\/03\/WhatsApp-Image-2020-09-17-at-13.24.36-225x300.jpeg 225w, https:\/\/thangmayphusi.com\/wp-content\/uploads\/2024\/03\/WhatsApp-Image-2020-09-17-at-13.24.36.jpeg 481w\" sizes=\"(max-width: 225px) 100vw, 225px\" \/><img decoding=\"async\" class=\"alignnone size-medium wp-image-3692\" src=\"https:\/\/thangmayphusi.com\/wp-content\/uploads\/2024\/03\/WhatsApp-Image-2020-09-17-at-13.24.37-225x300.jpeg\" alt=\"\" width=\"225\" height=\"300\" srcset=\"https:\/\/thangmayphusi.com\/wp-content\/uploads\/2024\/03\/WhatsApp-Image-2020-09-17-at-13.24.37-225x300.jpeg 225w, https:\/\/thangmayphusi.com\/wp-content\/uploads\/2024\/03\/WhatsApp-Image-2020-09-17-at-13.24.37.jpeg 480w\" sizes=\"(max-width: 225px) 100vw, 225px\" \/><img decoding=\"async\" class=\"alignnone size-medium wp-image-3693\" src=\"https:\/\/thangmayphusi.com\/wp-content\/uploads\/2024\/03\/WhatsApp-Image-2020-09-17-at-13.24.39-1-225x300.jpeg\" alt=\"\" width=\"225\" height=\"300\" srcset=\"https:\/\/thangmayphusi.com\/wp-content\/uploads\/2024\/03\/WhatsApp-Image-2020-09-17-at-13.24.39-1-225x300.jpeg 225w, https:\/\/thangmayphusi.com\/wp-content\/uploads\/2024\/03\/WhatsApp-Image-2020-09-17-at-13.24.39-1.jpeg 480w\" sizes=\"(max-width: 225px) 100vw, 225px\" \/><img decoding=\"async\" class=\"alignnone size-medium wp-image-3694\" src=\"https:\/\/thangmayphusi.com\/wp-content\/uploads\/2024\/03\/WhatsApp-Image-2020-09-17-at-13.24.40-225x300.jpeg\" alt=\"\" width=\"225\" height=\"300\" srcset=\"https:\/\/thangmayphusi.com\/wp-content\/uploads\/2024\/03\/WhatsApp-Image-2020-09-17-at-13.24.40-225x300.jpeg 225w, https:\/\/thangmayphusi.com\/wp-content\/uploads\/2024\/03\/WhatsApp-Image-2020-09-17-at-13.24.40.jpeg 480w\" sizes=\"(max-width: 225px) 100vw, 225px\" \/>[\/vc_column_text][vc_column_text]Xem th\u00eam:<\/p>\n<p><a href=\"https:\/\/thangmayphusi.com\/san-pham\/thang-may-nhap-mitsubishi\/\" target=\"_blank\" rel=\"noopener\">D\u00d2NG THANG M\u00c1Y MITSUBISHI NH\u1eacP NGO\u1ea0I\u00a0<\/a><\/p>\n<p><a href=\"https:\/\/thangmayphusi.com\/san-pham\/thang-may-gia-dinh\/\" target=\"_blank\" rel=\"noopener\">D\u00d2NG THANG M\u00c1Y GIA \u0110\u00ccNH KH\u00d4NG C\u1ea6N X\u00c2Y D\u1ef0NG H\u1ed0 PIT D\u1ea0NG TR\u00d2N<\/a><\/p>\n<p>Li\u00ean h\u1ec7: <a href=\"tel:0912795339\">0912795339<\/a> (Zalo, Viber, Whats&#8217;App) \u0111\u1ec3 \u0111\u01b0\u1ee3c t\u01b0 v\u1ea5n \u0111\u1ea7y \u0111\u1ee7<\/p>\n<p>Ho\u1eb7c email: <a href=\"mailto:phusielevator@gmail.com\">phusielevator@gmail.com<\/a>[\/vc_column_text][vc_empty_space height=&#8221;30px&#8221;][vc_separator]\n    <h2 class=\"text-left\" >S\u1ea3n Ph\u1ea9m Li\u00ean Quan<\/h2>\n    \t    <div class=\"wprt-lines style-1 custom-3\">\n\t        <div class=\"line-1\"><\/div>\n\t    <\/div>\n    \n        \t\n[vc_column_text css=&#8221;.vc_custom_1543372052565{padding-top: 20px !important;}&#8221;]<\/p>\n<ul class=\"relatedProducts\">\n<li><span style=\"font-size: 14pt; color: #ff9900;\"><a style=\"color: #ff9900;\" title=\"Thang m\u00e1y t\u1ea3i \u00f4 t\u00f4\" href=\"\/san-pham\/thang-may-tai-o-to\/\">Thang m\u00e1y t\u1ea3i \u00f4 t\u00f4<\/a><\/span><\/li>\n<li><span style=\"font-size: 14pt; color: #ff9900;\"><a style=\"color: #ff9900;\" title=\"Thang m\u00e1y t\u1ea3i h\u00e0ng\" href=\"\/san-pham\/thang-may-tai-hang\/\">Thang m\u00e1y t\u1ea3i h\u00e0ng<\/a><\/span><\/li>\n<li><span style=\"font-size: 14pt; color: #ff9900;\"><a style=\"color: #ff9900;\" title=\"Thang cu\u1ed1n\" href=\"\/san-pham\/thang-cuon\/\">Thang cu\u1ed1n<\/a><\/span><\/li>\n<li><span style=\"font-size: 14pt; color: #ff9900;\"><a style=\"color: #ff9900;\" title=\"Thang m\u00e1y b\u1ec7nh vi\u1ec7n\" href=\"\/san-pham\/thang-may-benh-vien\/\">Thang m\u00e1y b\u1ec7nh vi\u1ec7n<\/a><\/span><\/li>\n<li><span style=\"font-size: 14pt; color: #ff9900;\"><a style=\"color: #ff9900;\" title=\"Thang m\u00e1y t\u1ea3i r\u00e1c\" href=\"\/san-pham\/thang-may-tai-rac\/\">Thang m\u00e1y t\u1ea3i r\u00e1c<\/a><\/span><\/li>\n<li><span style=\"font-size: 14pt; color: #ff9900;\"><a style=\"color: #ff9900;\" title=\"Thang m\u00e1y nh\u00e2\u0323p Mitsubishi\" href=\"\/san-pham\/thang-may-nhap-misubishi\/\">Thang m\u00e1y nh\u00e2\u0323p Mitsubishi<\/a><\/span><\/li>\n<\/ul>\n<p>[\/vc_column_text][\/vc_column][\/vc_row]<\/p>\n","protected":false},"excerpt":{"rendered":"<p>[vc_row][vc_column][vc_column_text]Qu\u00fd kh\u00e1ch h\u00e0ng vui l\u00f2ng \u0111\u1ec3\u00a0l\u1ea1i th\u00f4ng tin\u00a0\u0111\u1ec3\u00a0\u0111\u01b0\u1ee3c t\u01b0 v\u1ea5n Cung c\u1ea5p d\u00f2ng thang m\u00e1y nh\u1eadp ngo\u1ea1i 100% hi\u1ec7u Fuji Japan, nh\u1eadp t\u1eeb \u0110\u00e0i Loan, Nh\u1eadt B\u1ea3n. L\u00e0 th\u01b0\u01a1ng hi\u1ec7u th\u1ec3 hi\u1ec7n \u0111\u1eb3ng c\u1ea5p, ch\u1ea5t l\u01b0\u1ee3ng v\u01b0\u1ee3t tr\u1ed9i c\u00f9ng v\u1edbi nhi\u1ec1u t\u00ednh n\u0103ng th\u00f4ng minh cho c\u00e1c c\u00f4ng tr\u00ecnh, c\u00e1c t\u00f2a nh\u00e0 hi\u1ec7n \u0111\u1ea1i ng\u00e0y [&hellip;]<\/p>\n","protected":false},"author":1,"featured_media":0,"parent":1104,"menu_order":0,"comment_status":"closed","ping_status":"closed","template":"","meta":{"footnotes":""},"class_list":["post-1125","page","type-page","status-publish","hentry"],"_links":{"self":[{"href":"https:\/\/thangmayphusi.com\/en\/wp-json\/wp\/v2\/pages\/1125"}],"collection":[{"href":"https:\/\/thangmayphusi.com\/en\/wp-json\/wp\/v2\/pages"}],"about":[{"href":"https:\/\/thangmayphusi.com\/en\/wp-json\/wp\/v2\/types\/page"}],"author":[{"embeddable":true,"href":"https:\/\/thangmayphusi.com\/en\/wp-json\/wp\/v2\/users\/1"}],"replies":[{"embeddable":true,"href":"https:\/\/thangmayphusi.com\/en\/wp-json\/wp\/v2\/comments?post=1125"}],"version-history":[{"count":29,"href":"https:\/\/thangmayphusi.com\/en\/wp-json\/wp\/v2\/pages\/1125\/revisions"}],"predecessor-version":[{"id":3829,"href":"https:\/\/thangmayphusi.com\/en\/wp-json\/wp\/v2\/pages\/1125\/revisions\/3829"}],"up":[{"embeddable":true,"href":"https:\/\/thangmayphusi.com\/en\/wp-json\/wp\/v2\/pages\/1104"}],"wp:attachment":[{"href":"https:\/\/thangmayphusi.com\/en\/wp-json\/wp\/v2\/media?parent=1125"}],"curies":[{"name":"wp","href":"https:\/\/api.w.org\/{rel}","templated":true}]}}