{"id":1214,"date":"2018-09-15T23:51:59","date_gmt":"2018-09-15T16:51:59","guid":{"rendered":"http:\/\/beta.thangmayphusi.com\/?page_id=1214"},"modified":"2025-01-03T15:29:30","modified_gmt":"2025-01-03T08:29:30","slug":"tuoi-tho-thiet-bi-thang-may","status":"publish","type":"page","link":"https:\/\/thangmayphusi.com\/en\/tu-van\/tu-van-chung\/tuoi-tho-thiet-bi-thang-may\/","title":{"rendered":"Elevator equipment lifespan"},"content":{"rendered":"<p>[vc_row][vc_column][vc_column_text]Trong qu\u00e1 tr\u00ecnh s\u1eed d\u1ee5ng, thang m\u00e1y v\u00e0 thi\u1ebft b\u1ecb trong thang s\u1ebd ho\u1ea1t \u0111\u1ed9ng t\u1ed1t v\u00e0 hi\u1ec7u qu\u1ea3 khi thang \u0111\u01b0\u1ee3c b\u1ea3o tr\u00ec theo \u0111\u00fang quy tr\u00ecnh b\u1ea3o tr\u00ec c\u1ee7a nh\u00e0 s\u1ea3n xu\u1ea5t. Ngo\u00e0i ra, m\u00f4i tr\u01b0\u1eddng c\u0169ng \u1ea3nh h\u01b0\u1edfng kh\u00f4ng nh\u1ecf \u0111\u1ebfn ho\u1ea1t \u0111\u1ed9ng l\u00e2u d\u00e0i c\u1ee7a thi\u1ebft b\u1ecb thang m\u00e1y (nhi\u1ec7t \u0111\u1ed9)[\/vc_column_text][\/vc_column][\/vc_row][vc_row][vc_column][vc_single_image image=&#8221;3120&#8243; img_size=&#8221;large&#8221; alignment=&#8221;center&#8221;][\/vc_column][\/vc_row]<\/p>\n","protected":false},"excerpt":{"rendered":"<p>[vc_row][vc_column][vc_column_text]Trong qu\u00e1 tr\u00ecnh s\u1eed d\u1ee5ng, thang m\u00e1y v\u00e0 thi\u1ebft b\u1ecb trong thang s\u1ebd ho\u1ea1t \u0111\u1ed9ng t\u1ed1t v\u00e0 hi\u1ec7u qu\u1ea3 khi thang \u0111\u01b0\u1ee3c b\u1ea3o tr\u00ec theo \u0111\u00fang quy tr\u00ecnh b\u1ea3o tr\u00ec c\u1ee7a nh\u00e0 s\u1ea3n xu\u1ea5t. Ngo\u00e0i ra, m\u00f4i tr\u01b0\u1eddng c\u0169ng \u1ea3nh h\u01b0\u1edfng kh\u00f4ng nh\u1ecf \u0111\u1ebfn ho\u1ea1t \u0111\u1ed9ng l\u00e2u d\u00e0i c\u1ee7a thi\u1ebft b\u1ecb thang m\u00e1y (nhi\u1ec7t \u0111\u1ed9)[\/vc_column_text][\/vc_column][\/vc_row][vc_row][vc_column][vc_single_image [&hellip;]<\/p>\n","protected":false},"author":1,"featured_media":0,"parent":3037,"menu_order":0,"comment_status":"closed","ping_status":"closed","template":"","meta":{"footnotes":""},"class_list":["post-1214","page","type-page","status-publish","hentry"],"_links":{"self":[{"href":"https:\/\/thangmayphusi.com\/en\/wp-json\/wp\/v2\/pages\/1214"}],"collection":[{"href":"https:\/\/thangmayphusi.com\/en\/wp-json\/wp\/v2\/pages"}],"about":[{"href":"https:\/\/thangmayphusi.com\/en\/wp-json\/wp\/v2\/types\/page"}],"author":[{"embeddable":true,"href":"https:\/\/thangmayphusi.com\/en\/wp-json\/wp\/v2\/users\/1"}],"replies":[{"embeddable":true,"href":"https:\/\/thangmayphusi.com\/en\/wp-json\/wp\/v2\/comments?post=1214"}],"version-history":[{"count":6,"href":"https:\/\/thangmayphusi.com\/en\/wp-json\/wp\/v2\/pages\/1214\/revisions"}],"predecessor-version":[{"id":3854,"href":"https:\/\/thangmayphusi.com\/en\/wp-json\/wp\/v2\/pages\/1214\/revisions\/3854"}],"up":[{"embeddable":true,"href":"https:\/\/thangmayphusi.com\/en\/wp-json\/wp\/v2\/pages\/3037"}],"wp:attachment":[{"href":"https:\/\/thangmayphusi.com\/en\/wp-json\/wp\/v2\/media?parent=1214"}],"curies":[{"name":"wp","href":"https:\/\/api.w.org\/{rel}","templated":true}]}}