{"id":3037,"date":"2021-06-05T18:16:37","date_gmt":"2021-06-05T11:16:37","guid":{"rendered":"https:\/\/thangmayphusi.com\/?page_id=3037"},"modified":"2025-01-03T15:52:06","modified_gmt":"2025-01-03T08:52:06","slug":"tu-van-chung","status":"publish","type":"page","link":"https:\/\/thangmayphusi.com\/en\/tu-van\/tu-van-chung\/","title":{"rendered":"General Consultation"},"content":{"rendered":"<p>[vc_row css=&#8221;.vc_custom_1622572221893{padding-top: 40px !important;padding-bottom: 40px !important;background: #f8f8f8 url(https:\/\/thangmayphusi.com\/wp-content\/uploads\/2021\/06\/body_bg_image.jpeg?id=2971) !important;}&#8221;][vc_column width=&#8221;2\/3&#8243; offset=&#8221;vc_col-xs-12&#8243;][vc_row_inner][vc_column_inner][\/vc_column_inner][vc_column_inner][vc_single_image image=&#8221;3857&#8243; img_size=&#8221;large&#8221;][vc_custom_heading text=&#8221;Ch\u00ednh s\u00e1ch b\u1ea3o h\u00e0nh&#8221; font_container=&#8221;tag:h3|text_align:left&#8221; use_theme_fonts=&#8221;yes&#8221; link=&#8221;url:https%3A%2F%2Fthangmayphusi.com%2Ftu-van%2Ftu-van-chung%2Fchinh-sach-bao-hanh%2F|title:Ch%C3%ADnh%20s%C3%A1ch%20b%E1%BA%A3o%20h%C3%A0nh||&#8221;][vc_column_text]<\/p>\n<p class=\"p1\">Ch\u00ednh s\u00e1ch b\u1ea3o h\u00e0nh thang m\u00e1y l\u00e0 m\u1ed9t cam k\u1ebft c\u1ee7a nh\u00e0 s\u1ea3n xu\u1ea5t ho\u1eb7c nh\u00e0 cung c\u1ea5p thang m\u00e1y v\u1ec1 vi\u1ec7c s\u1eeda ch\u1eefa, thay th\u1ebf c\u00e1c linh ki\u1ec7n ho\u1eb7c b\u1ed9 ph\u1eadn c\u1ee7a thang m\u00e1y trong m\u1ed9t kho\u1ea3ng th\u1eddi gian nh\u1ea5t \u0111\u1ecbnh sau khi l\u1eafp \u0111\u1eb7t. Ch\u00ednh s\u00e1ch n\u00e0y nh\u1eb1m \u0111\u1ea3m b\u1ea3o ch\u1ea5t l\u01b0\u1ee3ng <a href=\"https:\/\/thangmayphusi.com\/tu-van\/tu-van-chung\/chinh-sach-bao-hanh\">[&#8230;]<\/a><\/p>\n<p>[\/vc_column_text][vc_btn title=&#8221;Xem Th\u00eam&#8221; shape=&#8221;square&#8221; color=&#8221;warning&#8221; align=&#8221;left&#8221; link=&#8221;url:https%3A%2F%2Fthangmayphusi.com%2Ftu-van%2Ftu-van-chung%2Ftuoi-tho-thiet-bi-thang-may%2F|||&#8221;][\/vc_column_inner][\/vc_row_inner][vc_empty_space][vc_single_image image=&#8221;3120&#8243; img_size=&#8221;full&#8221; onclick=&#8221;custom_link&#8221; link=&#8221;https:\/\/thangmayphusi.com\/vi\/tu-van\/tuoi-tho-thiet-bi-thang-may\/&#8221;][vc_row_inner css=&#8221;.vc_custom_1623010384564{margin-top: -20px !important;margin-right: 50px !important;}&#8221;][vc_column_inner width=&#8221;1\/2&#8243;][vc_custom_heading text=&#8221;Tu\u1ed5i Th\u1ecd Thi\u1ebft B\u1ecb Thang M\u00e1y&#8221; font_container=&#8221;tag:h3|text_align:left&#8221; use_theme_fonts=&#8221;yes&#8221; link=&#8221;url:https%3A%2F%2Fthangmayphusi.com%2Ftu-van%2Ftuoi-tho-thiet-bi-thang-may%2F|||&#8221;][\/vc_column_inner][\/vc_row_inner][vc_column_text]Trong qu\u00e1 tr\u00ecnh s\u1eed d\u1ee5ng, thang m\u00e1y v\u00e0 thi\u1ebft b\u1ecb trong thang s\u1ebd ho\u1ea1t \u0111\u1ed9ng t\u1ed1t v\u00e0 hi\u1ec7u qu\u1ea3 khi thang \u0111\u01b0\u1ee3c b\u1ea3o tr\u00ec theo \u0111\u00fang quy tr\u00ecnh b\u1ea3o tr\u00ec c\u1ee7a nh\u00e0 s\u1ea3n xu\u1ea5t. Ngo\u00e0i ra, m\u00f4i tr\u01b0\u1eddng c\u0169ng \u1ea3nh h\u01b0\u1edfng kh\u00f4ng nh\u1ecf \u0111\u1ebfn ho\u1ea1t \u0111\u1ed9ng l\u00e2u d\u00e0i c\u1ee7a thi\u1ebft b\u1ecb thang m\u00e1y (nhi\u1ec7t \u0111\u1ed9, <a href=\"https:\/\/thangmayphusi.com\/tu-van\/tu-van-chung\/tuoi-tho-thiet-bi-thang-may\/\">[\u2026]<\/a>[\/vc_column_text][vc_row_inner css=&#8221;.vc_custom_1623010464180{margin-top: -20px !important;}&#8221;][vc_column_inner width=&#8221;2\/3&#8243;][vc_btn title=&#8221;Xem Th\u00eam&#8221; shape=&#8221;square&#8221; color=&#8221;warning&#8221; align=&#8221;left&#8221; link=&#8221;url:https%3A%2F%2Fthangmayphusi.com%2Ftu-van%2Ftu-van-chung%2Ftuoi-tho-thiet-bi-thang-may%2F|||&#8221;][\/vc_column_inner][\/vc_row_inner][\/vc_column][vc_column width=&#8221;1\/3&#8243;][vc_wp_posts title=&#8221;B\u00e0i Vi\u1ebft G\u1ea7n \u0110\u00e2y&#8221; number=&#8221;5&#8243;][vc_wp_search][vc_separator color=&#8221;black&#8221; css=&#8221;.vc_custom_1623004896533{margin-top: -30px !important;}&#8221;][vc_custom_heading text=&#8221;B\u00e0i Vi\u1ebft G\u1ea7n \u0110\u00e2y&#8221; font_container=&#8221;tag:h1|text_align:left|color:%23ff9900&#8243; use_theme_fonts=&#8221;yes&#8221; link=&#8221;|||&#8221;][vc_wp_custommenu nav_menu=&#8221;68&#8243;][vc_separator color=&#8221;black&#8221; css=&#8221;.vc_custom_1623004896533{margin-top: -30px !important;}&#8221;][vc_custom_heading text=&#8221;Xu H\u01b0\u1edbng T\u00ecm Ki\u1ebfm&#8221; font_container=&#8221;tag:h1|text_align:left|color:%23ff9900&#8243; use_theme_fonts=&#8221;yes&#8221;][vc_row_inner][vc_column_inner width=&#8221;1\/2&#8243;][vc_btn title=&#8221;B\u1ea3o Tr\u00ec S\u1eeda Ch\u1eefa&#8221; style=&#8221;classic&#8221; shape=&#8221;square&#8221; color=&#8221;warning&#8221; size=&#8221;xs&#8221; link=&#8221;url:https%3A%2F%2Fthangmayphusi.com%2Fdich-vu%2Fbao-tri-sua-chua%2F|||&#8221;][vc_btn title=&#8221;T\u01b0 V\u1ea5n Chung&#8221; style=&#8221;classic&#8221; shape=&#8221;square&#8221; color=&#8221;warning&#8221; size=&#8221;xs&#8221; link=&#8221;url:https%3A%2F%2Fthangmayphusi.com%2Ftu-van%2F|||&#8221;][\/vc_column_inner][vc_column_inner width=&#8221;1\/2&#8243;][vc_btn title=&#8221;N\u00e2ng C\u1ea5p C\u1ea3i T\u1ea1o&#8221; style=&#8221;classic&#8221; shape=&#8221;square&#8221; color=&#8221;warning&#8221; size=&#8221;xs&#8221; link=&#8221;url:https%3A%2F%2Fthangmayphusi.com%2Fdich-vu%2Fnang-cap-cai-tao%2F|||&#8221;][vc_btn title=&#8221;T\u01b0 V\u1ea5n K\u1ef9 Thu\u1eadt&#8221; style=&#8221;classic&#8221; shape=&#8221;square&#8221; color=&#8221;warning&#8221; size=&#8221;xs&#8221; link=&#8221;url:https%3A%2F%2Fthangmayphusi.com%2Ftu-van%2Ftu-van-ky-thuat%2F|||&#8221;][\/vc_column_inner][\/vc_row_inner][\/vc_column][\/vc_row]<\/p>\n","protected":false},"excerpt":{"rendered":"<p>[vc_row css=&#8221;.vc_custom_1622572221893{padding-top: 40px !important;padding-bottom: 40px !important;background: #f8f8f8 url(https:\/\/thangmayphusi.com\/wp-content\/uploads\/2021\/06\/body_bg_image.jpeg?id=2971) !important;}&#8221;][vc_column width=&#8221;2\/3&#8243; offset=&#8221;vc_col-xs-12&#8243;][vc_row_inner][vc_column_inner][\/vc_column_inner][vc_column_inner][vc_single_image image=&#8221;3857&#8243; img_size=&#8221;large&#8221;][vc_custom_heading text=&#8221;Ch\u00ednh s\u00e1ch b\u1ea3o h\u00e0nh&#8221; font_container=&#8221;tag:h3|text_align:left&#8221; use_theme_fonts=&#8221;yes&#8221; link=&#8221;url:https%3A%2F%2Fthangmayphusi.com%2Ftu-van%2Ftu-van-chung%2Fchinh-sach-bao-hanh%2F|title:Ch%C3%ADnh%20s%C3%A1ch%20b%E1%BA%A3o%20h%C3%A0nh||&#8221;][vc_column_text] Ch\u00ednh s\u00e1ch b\u1ea3o h\u00e0nh thang m\u00e1y l\u00e0 m\u1ed9t cam k\u1ebft c\u1ee7a nh\u00e0 s\u1ea3n xu\u1ea5t ho\u1eb7c nh\u00e0 cung c\u1ea5p thang m\u00e1y v\u1ec1 vi\u1ec7c s\u1eeda ch\u1eefa, thay th\u1ebf c\u00e1c linh ki\u1ec7n ho\u1eb7c b\u1ed9 ph\u1eadn c\u1ee7a thang m\u00e1y [&hellip;]<\/p>\n","protected":false},"author":1,"featured_media":0,"parent":1029,"menu_order":0,"comment_status":"closed","ping_status":"closed","template":"page-templates\/template-fullwidth.php","meta":{"footnotes":""},"class_list":["post-3037","page","type-page","status-publish","hentry"],"_links":{"self":[{"href":"https:\/\/thangmayphusi.com\/en\/wp-json\/wp\/v2\/pages\/3037"}],"collection":[{"href":"https:\/\/thangmayphusi.com\/en\/wp-json\/wp\/v2\/pages"}],"about":[{"href":"https:\/\/thangmayphusi.com\/en\/wp-json\/wp\/v2\/types\/page"}],"author":[{"embeddable":true,"href":"https:\/\/thangmayphusi.com\/en\/wp-json\/wp\/v2\/users\/1"}],"replies":[{"embeddable":true,"href":"https:\/\/thangmayphusi.com\/en\/wp-json\/wp\/v2\/comments?post=3037"}],"version-history":[{"count":9,"href":"https:\/\/thangmayphusi.com\/en\/wp-json\/wp\/v2\/pages\/3037\/revisions"}],"predecessor-version":[{"id":3863,"href":"https:\/\/thangmayphusi.com\/en\/wp-json\/wp\/v2\/pages\/3037\/revisions\/3863"}],"up":[{"embeddable":true,"href":"https:\/\/thangmayphusi.com\/en\/wp-json\/wp\/v2\/pages\/1029"}],"wp:attachment":[{"href":"https:\/\/thangmayphusi.com\/en\/wp-json\/wp\/v2\/media?parent=3037"}],"curies":[{"name":"wp","href":"https:\/\/api.w.org\/{rel}","templated":true}]}}