{"id":3496,"date":"2021-10-11T14:31:53","date_gmt":"2021-10-11T07:31:53","guid":{"rendered":"https:\/\/thangmayphusi.com\/?page_id=3496"},"modified":"2025-01-03T10:31:29","modified_gmt":"2025-01-03T03:31:29","slug":"thiet-bi-phong-chong-virut-covid-19-cho-thang-may","status":"publish","type":"page","link":"https:\/\/thangmayphusi.com\/en\/dich-vu\/san-pham-moi\/thiet-bi-phong-chong-virut-covid-19-cho-thang-may\/","title":{"rendered":"EPIDEMIC PREVENTION SYSTEM &#8211; DEFENSING VIRUS COVID 19 IN ELEVATOR"},"content":{"rendered":"<p><span style=\"font-size: 14pt; color: #000000;\">Virut Covid-19\u00a0 v\u1eabn c\u00f2n \u0111ang l\u00e0 m\u1ed1i \u0111e d\u1ecda cho s\u1ee9c kh\u1ecfe c\u1ee7a c\u1ed9ng \u0111\u1ed3ng, v\u00ec v\u1eady, ch\u00fang t\u00f4i \u0111\u00e3 k\u1ebft h\u1ee3p v\u1edbi nh\u00e0 cung c\u1ea5p \u0111\u1ec3 ph\u00e1t tri\u1ec3n v\u00e0 \u0111\u01b0a ra th\u1ecb tr\u01b0\u1eddng m\u1ed9t s\u1ed1 thi\u1ebft b\u1ecb \u0111\u1ec3 gi\u00fap h\u1ea1n ch\u1ebf s\u1ef1 t\u1ea5n c\u00f4ng c\u1ee7a virut Covid-19 khi s\u1eed d\u1ee5ng thang m\u00e1y:<\/span><\/p>\n<ol>\n<li><span style=\"font-size: 14pt; color: #000000;\">N\u00fat nh\u1ea5n c\u1ea3m \u1ee9ng, kh\u00f4ng ti\u1ebfp x\u00fac, kh\u00f4ng ch\u1ea1m<\/span><\/li>\n<\/ol>\n<p><span style=\"font-size: 14pt; color: #000000;\">Ch\u1ec9 c\u1ea7n kho\u1ea3ng c\u00e1ch 1,5cm, kh\u00f4ng c\u1ea7n ch\u1ea1m tr\u1ef1c ti\u1ebfp v\u00e0o n\u00fat nh\u1ea5n g\u1ecdi thang.<\/span><\/p>\n<p><img decoding=\"async\" class=\"alignnone size-medium wp-image-3463\" src=\"https:\/\/thangmayphusi.com\/wp-content\/uploads\/2021\/10\/Picture1-300x219.png\" alt=\"\" width=\"300\" height=\"219\" srcset=\"https:\/\/thangmayphusi.com\/wp-content\/uploads\/2021\/10\/Picture1-300x219.png 300w, https:\/\/thangmayphusi.com\/wp-content\/uploads\/2021\/10\/Picture1.png 473w\" sizes=\"(max-width: 300px) 100vw, 300px\" \/><\/p>\n<p><img decoding=\"async\" class=\"alignnone size-medium wp-image-3462\" src=\"https:\/\/thangmayphusi.com\/wp-content\/uploads\/2021\/10\/Nut-bam-khong-tiep-xuc-300x162.png\" alt=\"\" width=\"300\" height=\"162\" srcset=\"https:\/\/thangmayphusi.com\/wp-content\/uploads\/2021\/10\/Nut-bam-khong-tiep-xuc-300x162.png 300w, https:\/\/thangmayphusi.com\/wp-content\/uploads\/2021\/10\/Nut-bam-khong-tiep-xuc-768x416.png 768w, https:\/\/thangmayphusi.com\/wp-content\/uploads\/2021\/10\/Nut-bam-khong-tiep-xuc.png 876w\" sizes=\"(max-width: 300px) 100vw, 300px\" \/><\/p>\n<ol start=\"2\">\n<li><span style=\"font-size: 14pt; color: #000000;\">Remote g\u1ecdi thang:<\/span><\/li>\n<\/ol>\n<p><span style=\"font-size: 14pt; color: #000000;\">S\u1eed d\u1ee5ng Remote \u0111i\u1ec1u khi\u1ec3n t\u1eeb xa \u0111\u1ec3 g\u1ecdi thang m\u00e1y.<\/span><\/p>\n<p><img decoding=\"async\" class=\"alignnone size-medium wp-image-3468\" src=\"https:\/\/thangmayphusi.com\/wp-content\/uploads\/2021\/10\/Picture2-300x249.png\" alt=\"\" width=\"300\" height=\"249\" srcset=\"https:\/\/thangmayphusi.com\/wp-content\/uploads\/2021\/10\/Picture2-300x249.png 300w, https:\/\/thangmayphusi.com\/wp-content\/uploads\/2021\/10\/Picture2.png 420w\" sizes=\"(max-width: 300px) 100vw, 300px\" \/><\/p>\n<ol start=\"3\">\n<li><span style=\"font-size: 14pt; color: #000000;\">\u0110\u00e8n kh\u1eed tr\u00f9ng UV:<\/span><\/li>\n<\/ol>\n<p><span style=\"font-size: 14pt; color: #000000;\">Kh\u1eed tr\u00f9ng kh\u00f4ng gian b\u00ean trong ph\u00f2ng thang m\u00e1y<\/span><\/p>\n<p><img decoding=\"async\" class=\"alignnone size-medium wp-image-3469\" src=\"https:\/\/thangmayphusi.com\/wp-content\/uploads\/2021\/10\/Den-khu-trung-UV-300x199.png\" alt=\"\" width=\"300\" height=\"199\" srcset=\"https:\/\/thangmayphusi.com\/wp-content\/uploads\/2021\/10\/Den-khu-trung-UV-300x199.png 300w, https:\/\/thangmayphusi.com\/wp-content\/uploads\/2021\/10\/Den-khu-trung-UV.png 668w\" sizes=\"(max-width: 300px) 100vw, 300px\" \/><\/p>\n<ol start=\"4\">\n<li><span style=\"font-size: 14pt; color: #000000;\">B\u1ed9 l\u1ecdc qu\u1ea1t thang m\u00e1y:<\/span><\/li>\n<\/ol>\n<p><span style=\"font-size: 14pt; color: #000000;\">L\u1ecdc kh\u00f4ng kh\u00ed trong thang m\u00e1y, t\u1ea1o m\u00f4i tr\u01b0\u1eddng kh\u00f4ng kh\u00ed trong l\u00e0nh<\/span><\/p>\n<p><img decoding=\"async\" class=\"alignnone size-medium wp-image-3470\" src=\"https:\/\/thangmayphusi.com\/wp-content\/uploads\/2021\/10\/Bo-loc-quat-thang-may-300x123.png\" alt=\"\" width=\"300\" height=\"123\" srcset=\"https:\/\/thangmayphusi.com\/wp-content\/uploads\/2021\/10\/Bo-loc-quat-thang-may-300x123.png 300w, https:\/\/thangmayphusi.com\/wp-content\/uploads\/2021\/10\/Bo-loc-quat-thang-may.png 754w\" sizes=\"(max-width: 300px) 100vw, 300px\" \/><\/p>\n<ol start=\"5\">\n<li><span style=\"font-size: 14pt; color: #000000;\">Thi\u1ebft b\u1ecb nh\u1eadn d\u1ea1ng gi\u1ecdng n\u00f3i<\/span><\/li>\n<\/ol>\n<p><span style=\"font-size: 14pt; color: #000000;\">G\u1ecdi thang v\u00e0 g\u1ecdi t\u1ea7ng b\u1eb1ng gi\u1ecdng n\u00f3i, kh\u00f4ng c\u1ea7n s\u1ef1 x\u00fac ch\u1ea1m v\u00e0o c\u00e1c n\u00fat nh\u1ea5n trong ph\u00f2ng thang m\u00e1y<\/span><\/p>\n<p><img decoding=\"async\" class=\"alignnone size-medium wp-image-3471\" src=\"https:\/\/thangmayphusi.com\/wp-content\/uploads\/2021\/10\/Hub-nhan-dang-giong-noi-300x161.jpg\" alt=\"\" width=\"300\" height=\"161\" srcset=\"https:\/\/thangmayphusi.com\/wp-content\/uploads\/2021\/10\/Hub-nhan-dang-giong-noi-300x161.jpg 300w, https:\/\/thangmayphusi.com\/wp-content\/uploads\/2021\/10\/Hub-nhan-dang-giong-noi-768x412.jpg 768w, https:\/\/thangmayphusi.com\/wp-content\/uploads\/2021\/10\/Hub-nhan-dang-giong-noi.jpg 786w\" sizes=\"(max-width: 300px) 100vw, 300px\" \/><\/p>\n<ul>\n<li><span style=\"font-size: 14pt; color: #000000;\">Thi\u1ebft b\u1ecb ph\u00f2ng ch\u1ed1ng Virut Covid 19 cho thang m\u00e1y hi\u1ec7u Mitsubishi Nh\u1eadt B\u1ea3n<\/span><\/li>\n<li><span style=\"font-size: 14pt; color: #000000;\">Thi\u1ebft b\u1ecb ph\u00f2ng ch\u1ed1ng Virut Covid 19 cho thang m\u00e1y hi\u1ec7u Fuji Nh\u1eadt B\u1ea3n<\/span><\/li>\n<li><span style=\"font-size: 14pt; color: #000000;\">Thi\u1ebft b\u1ecb ph\u00f2ng ch\u1ed1ng Virut Covid 19 cho thang m\u00e1y gia\u00a0\u0111\u00ecnh<\/span><\/li>\n<li><span style=\"font-size: 14pt; color: #000000;\">Thi\u1ebft b\u1ecb ph\u00f2ng ch\u1ed1ng Virut Covid 19 cho thang m\u00e1y b\u1ec7nh vi\u1ec7n<\/span><\/li>\n<li><span style=\"font-size: 14pt; color: #000000;\">Thi\u1ebft b\u1ecb ph\u00f2ng ch\u1ed1ng Virut Covid 19 cho thang m\u00e1y chung c\u01b0<\/span><\/li>\n<\/ul>\n<p><\/p>\n\n\n<p><\/p>","protected":false},"excerpt":{"rendered":"<p>Virut Covid-19\u00a0 v\u1eabn c\u00f2n \u0111ang l\u00e0 m\u1ed1i \u0111e d\u1ecda cho s\u1ee9c kh\u1ecfe c\u1ee7a c\u1ed9ng \u0111\u1ed3ng, v\u00ec v\u1eady, ch\u00fang t\u00f4i \u0111\u00e3 k\u1ebft h\u1ee3p v\u1edbi nh\u00e0 cung c\u1ea5p \u0111\u1ec3 ph\u00e1t tri\u1ec3n v\u00e0 \u0111\u01b0a ra th\u1ecb tr\u01b0\u1eddng m\u1ed9t s\u1ed1 thi\u1ebft b\u1ecb \u0111\u1ec3 gi\u00fap h\u1ea1n ch\u1ebf s\u1ef1 t\u1ea5n c\u00f4ng c\u1ee7a virut Covid-19 khi s\u1eed d\u1ee5ng thang m\u00e1y: N\u00fat nh\u1ea5n [&hellip;]<\/p>\n","protected":false},"author":3,"featured_media":3463,"parent":3490,"menu_order":0,"comment_status":"closed","ping_status":"closed","template":"","meta":{"footnotes":""},"class_list":["post-3496","page","type-page","status-publish","has-post-thumbnail","hentry"],"_links":{"self":[{"href":"https:\/\/thangmayphusi.com\/en\/wp-json\/wp\/v2\/pages\/3496"}],"collection":[{"href":"https:\/\/thangmayphusi.com\/en\/wp-json\/wp\/v2\/pages"}],"about":[{"href":"https:\/\/thangmayphusi.com\/en\/wp-json\/wp\/v2\/types\/page"}],"author":[{"embeddable":true,"href":"https:\/\/thangmayphusi.com\/en\/wp-json\/wp\/v2\/users\/3"}],"replies":[{"embeddable":true,"href":"https:\/\/thangmayphusi.com\/en\/wp-json\/wp\/v2\/comments?post=3496"}],"version-history":[{"count":3,"href":"https:\/\/thangmayphusi.com\/en\/wp-json\/wp\/v2\/pages\/3496\/revisions"}],"predecessor-version":[{"id":3835,"href":"https:\/\/thangmayphusi.com\/en\/wp-json\/wp\/v2\/pages\/3496\/revisions\/3835"}],"up":[{"embeddable":true,"href":"https:\/\/thangmayphusi.com\/en\/wp-json\/wp\/v2\/pages\/3490"}],"wp:featuredmedia":[{"embeddable":true,"href":"https:\/\/thangmayphusi.com\/en\/wp-json\/wp\/v2\/media\/3463"}],"wp:attachment":[{"href":"https:\/\/thangmayphusi.com\/en\/wp-json\/wp\/v2\/media?parent=3496"}],"curies":[{"name":"wp","href":"https:\/\/api.w.org\/{rel}","templated":true}]}}