{"id":3855,"date":"2025-01-03T15:33:09","date_gmt":"2025-01-03T08:33:09","guid":{"rendered":"https:\/\/thangmayphusi.com\/?page_id=3855"},"modified":"2025-01-03T15:37:49","modified_gmt":"2025-01-03T08:37:49","slug":"chinh-sach-bao-hanh","status":"publish","type":"page","link":"https:\/\/thangmayphusi.com\/en\/tu-van\/tu-van-chung\/chinh-sach-bao-hanh\/","title":{"rendered":"Ch\u00ednh s\u00e1ch b\u1ea3o h\u00e0nh"},"content":{"rendered":"<p>[vc_row][vc_column][vc_column_text]<\/p>\n<p class=\"p1\"><span style=\"font-size: 18pt;\"><b>T\u1ed5ng quan v\u1ec1 ch\u00ednh s\u00e1ch b\u1ea3o h\u00e0nh thang m\u00e1y<\/b><\/span><\/p>\n<p class=\"p3\"><b><img decoding=\"async\" class=\"wp-image-3857 aligncenter\" src=\"https:\/\/thangmayphusi.com\/wp-content\/uploads\/2025\/01\/chinh-sach-bao-hanh-300x300.png\" alt=\"\" width=\"545\" height=\"545\" srcset=\"https:\/\/thangmayphusi.com\/wp-content\/uploads\/2025\/01\/chinh-sach-bao-hanh-300x300.png 300w, https:\/\/thangmayphusi.com\/wp-content\/uploads\/2025\/01\/chinh-sach-bao-hanh-1022x1024.png 1022w, https:\/\/thangmayphusi.com\/wp-content\/uploads\/2025\/01\/chinh-sach-bao-hanh-150x150.png 150w, https:\/\/thangmayphusi.com\/wp-content\/uploads\/2025\/01\/chinh-sach-bao-hanh-768x769.png 768w, https:\/\/thangmayphusi.com\/wp-content\/uploads\/2025\/01\/chinh-sach-bao-hanh.png 1054w\" sizes=\"(max-width: 545px) 100vw, 545px\" \/><\/b><\/p>\n<p class=\"p3\"><b>Ph\u1ea1m vi c\u1ee7a ch\u00ednh s\u00e1ch b\u1ea3o h\u00e0nh<\/b><\/p>\n<p class=\"p4\">Ch\u00ednh s\u00e1ch b\u1ea3o h\u00e0nh thang m\u00e1y l\u00e0 m\u1ed9t cam k\u1ebft c\u1ee7a nh\u00e0 s\u1ea3n xu\u1ea5t ho\u1eb7c nh\u00e0 cung c\u1ea5p thang m\u00e1y v\u1ec1 vi\u1ec7c s\u1eeda ch\u1eefa, thay th\u1ebf c\u00e1c linh ki\u1ec7n ho\u1eb7c b\u1ed9 ph\u1eadn c\u1ee7a thang m\u00e1y trong m\u1ed9t kho\u1ea3ng th\u1eddi gian nh\u1ea5t \u0111\u1ecbnh sau khi l\u1eafp \u0111\u1eb7t. Ch\u00ednh s\u00e1ch n\u00e0y nh\u1eb1m \u0111\u1ea3m b\u1ea3o ch\u1ea5t l\u01b0\u1ee3ng, \u0111\u1ed9 tin c\u1eady v\u00e0 an to\u00e0n cho kh\u00e1ch h\u00e0ng khi s\u1eed d\u1ee5ng thang m\u00e1y.<\/p>\n<p class=\"p4\">Ph\u1ea1m vi c\u1ee7a ch\u00ednh s\u00e1ch b\u1ea3o h\u00e0nh th\u01b0\u1eddng bao g\u1ed3m:<\/p>\n<ul class=\"ul1\">\n<li class=\"li4\">S\u1eeda ch\u1eefa, thay th\u1ebf c\u00e1c linh ki\u1ec7n ho\u1eb7c b\u1ed9 ph\u1eadn h\u01b0 h\u1ecfng do l\u1ed7i k\u1ef9 thu\u1eadt ho\u1eb7c ch\u1ea5t l\u01b0\u1ee3ng s\u1ea3n ph\u1ea9m.<\/li>\n<\/ul>\n<p>[\/vc_column_text][\/vc_column][\/vc_row]<\/p>\n","protected":false},"excerpt":{"rendered":"<p>[vc_row][vc_column][vc_column_text] T\u1ed5ng quan v\u1ec1 ch\u00ednh s\u00e1ch b\u1ea3o h\u00e0nh thang m\u00e1y Ph\u1ea1m vi c\u1ee7a ch\u00ednh s\u00e1ch b\u1ea3o h\u00e0nh Ch\u00ednh s\u00e1ch b\u1ea3o h\u00e0nh thang m\u00e1y l\u00e0 m\u1ed9t cam k\u1ebft c\u1ee7a nh\u00e0 s\u1ea3n xu\u1ea5t ho\u1eb7c nh\u00e0 cung c\u1ea5p thang m\u00e1y v\u1ec1 vi\u1ec7c s\u1eeda ch\u1eefa, thay th\u1ebf c\u00e1c linh ki\u1ec7n ho\u1eb7c b\u1ed9 ph\u1eadn c\u1ee7a thang m\u00e1y trong m\u1ed9t kho\u1ea3ng [&hellip;]<\/p>\n","protected":false},"author":1,"featured_media":0,"parent":3037,"menu_order":0,"comment_status":"closed","ping_status":"closed","template":"","meta":{"footnotes":""},"class_list":["post-3855","page","type-page","status-publish","hentry"],"_links":{"self":[{"href":"https:\/\/thangmayphusi.com\/en\/wp-json\/wp\/v2\/pages\/3855"}],"collection":[{"href":"https:\/\/thangmayphusi.com\/en\/wp-json\/wp\/v2\/pages"}],"about":[{"href":"https:\/\/thangmayphusi.com\/en\/wp-json\/wp\/v2\/types\/page"}],"author":[{"embeddable":true,"href":"https:\/\/thangmayphusi.com\/en\/wp-json\/wp\/v2\/users\/1"}],"replies":[{"embeddable":true,"href":"https:\/\/thangmayphusi.com\/en\/wp-json\/wp\/v2\/comments?post=3855"}],"version-history":[{"count":2,"href":"https:\/\/thangmayphusi.com\/en\/wp-json\/wp\/v2\/pages\/3855\/revisions"}],"predecessor-version":[{"id":3858,"href":"https:\/\/thangmayphusi.com\/en\/wp-json\/wp\/v2\/pages\/3855\/revisions\/3858"}],"up":[{"embeddable":true,"href":"https:\/\/thangmayphusi.com\/en\/wp-json\/wp\/v2\/pages\/3037"}],"wp:attachment":[{"href":"https:\/\/thangmayphusi.com\/en\/wp-json\/wp\/v2\/media?parent=3855"}],"curies":[{"name":"wp","href":"https:\/\/api.w.org\/{rel}","templated":true}]}}