{"id":724,"date":"2017-06-15T04:24:29","date_gmt":"2017-06-15T04:24:29","guid":{"rendered":"http:\/\/localhost\/construct\/?page_id=724"},"modified":"2024-09-12T09:18:52","modified_gmt":"2024-09-12T02:18:52","slug":"trang-chu","status":"publish","type":"page","link":"https:\/\/thangmayphusi.com\/en\/","title":{"rendered":"Home"},"content":{"rendered":"<p>[vc_row fullwidth=&#8221;yes&#8221;][vc_column][vc_single_image image=&#8221;1201&#8243; img_size=&#8221;full&#8221; alignment=&#8221;center&#8221;][vc_row_inner][vc_column_inner][vc_column_text]<\/p>\n<h1 style=\"text-align: center;\"><strong><span style=\"color: #fe8f01;\">THANG M\u00c1Y V\u00c0 THANG CU\u1ed0N<\/span><\/strong><\/h1>\n<h1 style=\"text-align: center;\"><strong><span style=\"color: #fe8f01;\">GI\u1ea2I PH\u00c1P HO\u00c0N H\u1ea2O\u00a0<\/span><\/strong><strong><span style=\"color: #fe8f01;\">CHO CU\u1ed8C S\u1ed0NG C\u1ee6A B\u1ea0N!<\/span><\/strong><\/h1>\n<p>[\/vc_column_text][\/vc_column_inner][\/vc_row_inner][\/vc_column][\/vc_row][vc_row css=&#8221;.vc_custom_1726107116182{border-bottom-width: 1px !important;padding-top: 40px !important;padding-bottom: 40px !important;background-image: url(https:\/\/thangmayphusi.com\/wp-content\/uploads\/2021\/06\/body_bg_image.jpeg?id=2971) !important;border-bottom-style: groove !important;}&#8221; el_class=&#8221;project-area&#8221;][vc_column][vc_row_inner equal_height=&#8221;yes&#8221;][vc_column_inner width=&#8221;1\/4&#8243;]\n\t<div class=\"wprt-icon-box accent-background  rounded icon-effect-2 width-70\">\n        <div class=\"icon-wrap font-size-40\">\n            <span class=\"dd-icon  icon-drawing\"><\/span>\n        <\/div>\n        <div class=\"content-wrap\">\n            <h3 class=\"dd-title font-size-18\">CH\u1ea4T L\u01af\u1ee2NG<\/h3>\n            <p>Cam k\u1ebft mang \u0111\u1ebfn cho kh\u00e1ch h\u00e0ng nh\u1eefng s\u1ea3n ph\u1ea9m, d\u1ecbch v\u1ee5 ch\u1ea5t l\u01b0\u1ee3ng t\u1ed1t nh\u1ea5t c\u1ee7a ch\u00fang t\u00f4i.<\/p>\n        <\/div>\n    <\/div>\n\n[\/vc_column_inner][vc_column_inner width=&#8221;1\/4&#8243;]\n\t<div class=\"wprt-icon-box accent-background  rounded icon-effect-2 width-70\">\n        <div class=\"icon-wrap font-size-40\">\n            <span class=\"dd-icon  icon-drawing-compass\"><\/span>\n        <\/div>\n        <div class=\"content-wrap\">\n            <h3 class=\"dd-title font-size-18\">AN TO\u00c0N<\/h3>\n            <p>\u0110\u1ea3m b\u1ea3o an to\u00e0n khi thi c\u00f4ng v\u00e0 trong qu\u00e1 tr\u00ecnh s\u1eed d\u1ee5ng lu\u00f4n l\u00e0 ti\u00eau ch\u00ed h\u00e0ng \u0111\u1ea7u c\u1ee7a ch\u00fang t\u00f4i.<\/p>\n        <\/div>\n    <\/div>\n\n[\/vc_column_inner][vc_column_inner width=&#8221;1\/4&#8243;]\n\t<div class=\"wprt-icon-box accent-background  rounded icon-effect-2 width-70\">\n        <div class=\"icon-wrap font-size-40\">\n            <span class=\"dd-icon  icon-light-bulb\"><\/span>\n        <\/div>\n        <div class=\"content-wrap\">\n            <h3 class=\"dd-title font-size-18\">HI\u1ec6N \u0110\u1ea0I<\/h3>\n            <p>Kh\u00f4ng ng\u1eebng c\u1ea3i ti\u1ebfn, \u0111\u1ea7u t\u01b0 trang thi\u1ebft b\u1ecb \u0111\u1ec3 t\u1ea1o n\u00ean nh\u1eefng s\u1ea3n ph\u1ea9m hi\u1ec7n \u0111\u1ea1i v\u00e0 l\u1ee3i \u00edch cho kh\u00e1ch h\u00e0ng.<\/p>\n        <\/div>\n    <\/div>\n\n[\/vc_column_inner][vc_column_inner width=&#8221;1\/4&#8243;]\n\t<div class=\"wprt-icon-box accent-background  rounded icon-effect-2 width-70\">\n        <div class=\"icon-wrap font-size-40\">\n            <span class=\"dd-icon  icon-engineer\"><\/span>\n        <\/div>\n        <div class=\"content-wrap\">\n            <h3 class=\"dd-title font-size-18\">TI\u1ebeT KI\u1ec6M<\/h3>\n            <p>Cam k\u1ebft cung c\u1ea5p \u0111\u1ebfn kh\u00e1ch h\u00e0ng nh\u1eefng gi\u1ea3i ph\u00e1p, l\u01b0u ch\u1ecdn t\u1ed1i \u01b0u v\u00e0 ti\u1ebft ki\u1ec7m.<\/p>\n        <\/div>\n    <\/div>\n\n[\/vc_column_inner][\/vc_row_inner][\/vc_column][\/vc_row][vc_row css=&#8221;.vc_custom_1726105850678{border-bottom-width: 1px !important;padding-top: 40px !important;padding-bottom: 40px !important;background: #000000 url(https:\/\/thangmayphusi.com\/wp-content\/uploads\/2021\/06\/body_bg_image.jpeg?id=2971) !important;border-bottom-color: #ffffff !important;border-bottom-style: groove !important;}&#8221; el_class=&#8221;project-area&#8221;][vc_column width=&#8221;1\/2&#8243; css=&#8221;.vc_custom_1623092912259{padding-bottom: 30px !important;}&#8221;]\n    <h2 class=\"text-left\" >GI\u1edaI THI\u1ec6U<\/h2>\n    \t    <div class=\"wprt-lines style-1 custom-3\">\n\t        <div class=\"line-1\"><\/div>\n\t    <\/div>\n    \n        \t\n[vc_column_text css=&#8221;.vc_custom_1722499828847{padding-top: 30px !important;}&#8221;]C\u00f4ng ty Thang m\u00e1y v\u00e0 Thi\u1ebft b\u1ecb Ph\u00fa S\u0129 l\u00e0 nh\u00e0 cung c\u1ea5p chuy\u00ean nghi\u1ec7p thang m\u00e1y, thang cu\u1ed1n, b\u0103ng t\u1ea3i h\u00e0nh kh\u00e1ch t\u1ea1i th\u1ecb tr\u01b0\u1eddng Vi\u1ec7t Nam. V\u1edbi \u0111\u1ed9i ng\u0169 nh\u00e2n vi\u00ean kinh nghi\u1ec7m h\u01a1n 20 n\u0103m trong l\u0129nh v\u1ef1c thang m\u00e1y, ch\u00fang t\u00f4i lu\u00f4n l\u1ef1a ch\u1ecdn cung c\u1ea5p \u0111\u1ebfn kh\u00e1ch h\u00e0ng c\u1ee7a m\u00ecnh s\u1ea3n ph\u1ea9m thang m\u00e1y, thang cu\u1ed1n, b\u0103ng t\u1ea3i h\u00e0nh kh\u00e1ch v\u1edbi ch\u1ea5t l\u01b0\u1ee3ng t\u1ed1t nh\u1ea5t, tu\u1ed5i th\u1ecd s\u1ea3n ph\u1ea9m l\u00e2u d\u00e0i, \u0111\u1ea3m b\u1ea3o t\u00ednh an to\u00e0n cao nh\u1ea5t.<\/p>\n<p>L\u1ef1a ch\u1ecdn s\u1eed d\u1ee5ng s\u1ea3n ph\u1ea9m c\u1ee7a Thang m\u00e1y Ph\u00fa S\u0129, Qu\u00fd kh\u00e1ch h\u00e0ng s\u1ebd ho\u00e0n to\u00e0n y\u00ean t\u00e2m v\u1ec1 quy\u1ebft \u0111\u1ecbnh c\u1ee7a m\u00ecnh[\/vc_column_text]\n    <a class=\"wprt-button small  text-center\" style=\"\" href=\"\/gioi-thieu\">Xem th\u00eam<\/a>\n    \t\n[\/vc_column][vc_column width=&#8221;1\/2&#8243;]\n    <h2 class=\"text-left\" >T\u1ea0I SAO CH\u1eccN THANG M\u00c1Y PH\u00da S\u0128?<\/h2>\n    \t    <div class=\"wprt-lines style-1 custom-3\">\n\t        <div class=\"line-1\"><\/div>\n\t    <\/div>\n    \n        \t\n[vc_empty_space][vc_tta_accordion shape=&#8221;square&#8221; gap=&#8221;10&#8243; c_icon=&#8221;&#8221; active_section=&#8221;&#8221; collapsible_all=&#8221;true&#8221;][vc_tta_section title=&#8221;T\u01b0 v\u1ea5n nhi\u1ec7t t\u00ecnh&#8221; tab_id=&#8221;tu-van-nhiet-tinh&#8221;][vc_column_text]Ph\u00fa S\u0129 lu\u00f4n \u0111\u1eb7t \u0111\u1ea1o \u0111\u1ee9c kinh doanh l\u00ean h\u00e0ng \u0111\u1ea7u trong qu\u00e1 tr\u00ecnh t\u01b0 v\u1ea5n v\u00e0 cung c\u1ea5p s\u1ea3n ph\u1ea9m \u0111\u1ebfn kh\u00e1ch h\u00e0ng.[\/vc_column_text][\/vc_tta_section][vc_tta_section title=&#8221;Nh\u00e2n s\u1ef1 chuy\u00ean nghi\u1ec7p&#8221; tab_id=&#8221;nhan-su-chuyen-nghiep&#8221;][vc_column_text]Ph\u00fa S\u0129 c\u00f3 \u0111\u1ed9i ng\u0169 chuy\u00ean vi\u00ean, k\u1ef9 thu\u1eadt vi\u00ean chuy\u00ean nghi\u1ec7p v\u00e0 c\u00f3 kinh nghi\u1ec7m nhi\u1ec1u n\u0103m v\u1ec1 l\u0129nh v\u1ef1c thang m\u00e1y, thang cu\u1ed1n[\/vc_column_text][\/vc_tta_section][vc_tta_section title=&#8221;Cam k\u1ebft ch\u1ea5t l\u01b0\u1ee3ng&#8221; tab_id=&#8221;cam-ket-chat-luong&#8221;][vc_column_text]Ph\u00fa S\u0129 ch\u1ec9 mang \u0111\u1ebfn cho kh\u00e1ch h\u00e0ng s\u1ea3n ph\u1ea9m khi \u0111\u00e3 ho\u00e0n to\u00e0n y\u00ean t\u00e2m v\u00e0 \u0111\u1ea3m b\u1ea3o v\u1ec1 ch\u1ea5t l\u01b0\u1ee3ng v\u00e0 an to\u00e0n[\/vc_column_text][\/vc_tta_section][\/vc_tta_accordion][\/vc_column][\/vc_row][vc_row css=&#8221;.vc_custom_1726106407015{border-bottom-width: 1px !important;padding-top: 40px !important;padding-bottom: 40px !important;background: rgba(255,255,255,0.01) url(https:\/\/thangmayphusi.com\/wp-content\/uploads\/2021\/06\/body_bg_image.jpeg?id=2971) !important;*background-color: rgb(255,255,255) !important;border-bottom-color: #ffffff !important;border-bottom-style: groove !important;}&#8221; el_class=&#8221;opacity-area&#8221;][vc_column][vc_column_text css=&#8221;.vc_custom_1722500249840{background: rgba(0,0,0,0.3) url(https:\/\/thangmayphusi.com\/wp-content\/uploads\/2021\/06\/body_bg_image.jpeg?id=2971) !important;*background-color: rgb(0,0,0) !important;}&#8221; el_class=&#8221;project-slogan-area&#8221;]<\/p>\n<p style=\"text-align: center;\"><span style=\"color: #000000;\"><strong><span style=\"font-size: 4.9rem; font-weight: normal;\">THANG M\u00c1Y PH\u00da S\u0128<\/span><\/strong><\/span><\/p>\n<p style=\"text-align: center;\"><span style=\"font-size: 36pt;\"><em><span style=\"color: #000000;\"><strong><span style=\"font-weight: normal;\">N\u00e2ng Ch\u1ea5t l\u01b0\u1ee3ng &#8211; Ch\u1edf An to\u00e0n<\/span><\/strong><\/span><\/em><\/span><\/p>\n<p>[\/vc_column_text][\/vc_column][\/vc_row][vc_row css=&#8221;.vc_custom_1622908922313{padding-top: 80px !important;padding-bottom: 20px !important;background: #f8f8f8 url(https:\/\/thangmayphusi.com\/wp-content\/uploads\/2021\/06\/body_bg_image.jpeg?id=2971) !important;}&#8221; el_id=&#8221;next-section&#8221;][vc_column]\n    <h2 class=\"text-center\" >S\u1ea2N PH\u1ea8M<\/h2>\n    \t    <div class=\"wprt-lines style-2 custom-1\">\n\t        <div class=\"line-1\"><\/div>\n\t    <\/div>\n    \n        \t\n[\/vc_column][\/vc_row][vc_row css=&#8221;.vc_custom_1623211634492{background-image: url(https:\/\/thangmayphusi.com\/wp-content\/uploads\/2021\/06\/body_bg_image.jpeg?id=2971) !important;}&#8221; el_class=&#8221;home-products&#8221;][vc_column width=&#8221;1\/4&#8243;][vc_single_image image=&#8221;3115&#8243; img_size=&#8221;medium&#8221; alignment=&#8221;center&#8221; style=&#8221;vc_box_border&#8221; onclick=&#8221;custom_link&#8221; link=&#8221;https:\/\/thangmayphusi.com\/vi\/san-pham\/thang-may-tai-khach\/&#8221; css=&#8221;.vc_custom_1622919017671{margin-bottom: 5px !important;padding-top: 20px !important;}&#8221;][vc_btn title=&#8221;THANG M\u00c1Y T\u1ea2I KH\u00c1CH&#8221; style=&#8221;classic&#8221; shape=&#8221;square&#8221; color=&#8221;white&#8221; size=&#8221;xs&#8221; align=&#8221;center&#8221; button_block=&#8221;true&#8221; link=&#8221;url:https%3A%2F%2Fthangmayphusi.com%2Fsan-pham%2Fthang-may-tai-khach%2F|||&#8221;][\/vc_column][vc_column width=&#8221;1\/4&#8243;][vc_single_image image=&#8221;3121&#8243; img_size=&#8221;medium&#8221; alignment=&#8221;center&#8221; style=&#8221;vc_box_border&#8221; onclick=&#8221;custom_link&#8221; link=&#8221;https:\/\/thangmayphusi.com\/vi\/san-pham\/thang-may-gia-dinh\/&#8221; css=&#8221;.vc_custom_1622921409890{margin-bottom: 5px !important;padding-top: 20px !important;}&#8221;][vc_btn title=&#8221;THANG M\u00c1Y GIA \u0110\u00ccNH&#8221; style=&#8221;classic&#8221; shape=&#8221;square&#8221; color=&#8221;white&#8221; size=&#8221;xs&#8221; align=&#8221;center&#8221; button_block=&#8221;true&#8221; link=&#8221;url:https%3A%2F%2Fthangmayphusi.com%2Fsan-pham%2Fthang-may-gia-dinh%2F|||&#8221;][\/vc_column][vc_column width=&#8221;1\/4&#8243;][vc_single_image image=&#8221;3120&#8243; img_size=&#8221;medium&#8221; alignment=&#8221;center&#8221; style=&#8221;vc_box_border&#8221; onclick=&#8221;custom_link&#8221; link=&#8221;https:\/\/thangmayphusi.com\/vi\/san-pham\/thang-may-tai-khach\/&#8221; css=&#8221;.vc_custom_1622919082438{margin-bottom: 5px !important;padding-top: 20px !important;}&#8221;][vc_btn title=&#8221;THANG M\u00c1Y CHUNG C\u01af&#8221; style=&#8221;classic&#8221; shape=&#8221;square&#8221; color=&#8221;white&#8221; size=&#8221;xs&#8221; align=&#8221;center&#8221; button_block=&#8221;true&#8221; link=&#8221;url:https%3A%2F%2Fthangmayphusi.com%2Fsan-pham%2Fthang-may-chung-cu%2F|||&#8221;][\/vc_column][vc_column width=&#8221;1\/4&#8243;][vc_single_image image=&#8221;3123&#8243; img_size=&#8221;medium&#8221; alignment=&#8221;center&#8221; style=&#8221;vc_box_border&#8221; onclick=&#8221;custom_link&#8221; link=&#8221;https:\/\/thangmayphusi.com\/san-pham\/thang-may-chung-cu\/&#8221; css=&#8221;.vc_custom_1622921382997{margin-bottom: 5px !important;padding-top: 20px !important;}&#8221;][vc_btn title=&#8221;THANG M\u00c1Y B\u1ec6NH VI\u1ec6N&#8221; style=&#8221;classic&#8221; shape=&#8221;square&#8221; color=&#8221;white&#8221; size=&#8221;xs&#8221; align=&#8221;center&#8221; button_block=&#8221;true&#8221; link=&#8221;url:https%3A%2F%2Fthangmayphusi.com%2Fsan-pham%2Fthang-may-benh-vien%2F|||&#8221;][\/vc_column][\/vc_row][vc_row css=&#8221;.vc_custom_1623211641589{background: #f8f8f8 url(https:\/\/thangmayphusi.com\/wp-content\/uploads\/2021\/06\/body_bg_image.jpeg?id=2971) !important;}&#8221; el_class=&#8221;home-products&#8221;][vc_column width=&#8221;1\/4&#8243;][vc_single_image image=&#8221;3124&#8243; img_size=&#8221;medium&#8221; alignment=&#8221;center&#8221; style=&#8221;vc_box_border&#8221; onclick=&#8221;custom_link&#8221; link=&#8221;https:\/\/thangmayphusi.com\/san-pham\/thang-may-tai-hang\/&#8221; css=&#8221;.vc_custom_1622921327244{margin-bottom: 5px !important;padding-top: 20px !important;}&#8221;][vc_btn title=&#8221;THANG M\u00c1Y T\u1ea2I H\u00c0NG&#8221; style=&#8221;classic&#8221; shape=&#8221;square&#8221; color=&#8221;white&#8221; size=&#8221;xs&#8221; align=&#8221;center&#8221; button_block=&#8221;true&#8221; link=&#8221;url:https%3A%2F%2Fthangmayphusi.com%2Fsan-pham%2Fthang-may-tai-hang%2F|||&#8221;][\/vc_column][vc_column width=&#8221;1\/4&#8243;][vc_single_image image=&#8221;3125&#8243; img_size=&#8221;medium&#8221; alignment=&#8221;center&#8221; style=&#8221;vc_box_border&#8221; onclick=&#8221;custom_link&#8221; link=&#8221;https:\/\/thangmayphusi.com\/san-pham\/thang-may-tai-oto\/&#8221; css=&#8221;.vc_custom_1622921290129{margin-bottom: 5px !important;padding-top: 20px !important;}&#8221;][vc_btn title=&#8221;THANG M\u00c1Y T\u1ea2I \u00d4 T\u00d4, T\u1ea2I XE&#8221; style=&#8221;classic&#8221; shape=&#8221;square&#8221; color=&#8221;white&#8221; size=&#8221;xs&#8221; align=&#8221;center&#8221; button_block=&#8221;true&#8221; link=&#8221;url:https%3A%2F%2Fthangmayphusi.com%2Fsan-pham%2Fthang-may-tai-oto%2F|||&#8221;][\/vc_column][vc_column width=&#8221;1\/4&#8243;][vc_single_image image=&#8221;3126&#8243; img_size=&#8221;medium&#8221; alignment=&#8221;center&#8221; style=&#8221;vc_box_border&#8221; onclick=&#8221;custom_link&#8221; link=&#8221;https:\/\/thangmayphusi.com\/san-pham\/thang-may-tai-rac\/&#8221; css=&#8221;.vc_custom_1622921239988{margin-bottom: 5px !important;padding-top: 20px !important;}&#8221;][vc_btn title=&#8221;THANG M\u00c1Y T\u1ea2I R\u00c1C&#8221; style=&#8221;classic&#8221; shape=&#8221;square&#8221; color=&#8221;white&#8221; size=&#8221;xs&#8221; align=&#8221;center&#8221; button_block=&#8221;true&#8221; link=&#8221;url:https%3A%2F%2Fthangmayphusi.com%2Fsan-pham%2Fthang-may-tai-rac%2F|||&#8221;][\/vc_column][vc_column width=&#8221;1\/4&#8243;][vc_single_image image=&#8221;3127&#8243; img_size=&#8221;medium&#8221; alignment=&#8221;center&#8221; style=&#8221;vc_box_border&#8221; onclick=&#8221;custom_link&#8221; link=&#8221;https:\/\/thangmayphusi.com\/san-pham\/thang-may-tai-thuc-pham\/&#8221; css=&#8221;.vc_custom_1622921209921{margin-bottom: 5px !important;padding-top: 20px !important;}&#8221;][vc_btn title=&#8221;THANG M\u00c1Y T\u1ea2I TH\u1ef0C PH\u1ea8M&#8221; style=&#8221;classic&#8221; shape=&#8221;square&#8221; color=&#8221;white&#8221; size=&#8221;xs&#8221; align=&#8221;center&#8221; button_block=&#8221;true&#8221; link=&#8221;url:https%3A%2F%2Fthangmayphusi.com%2Fsan-pham%2Fthang-may-tai-thuc-pham%2F|||&#8221;][\/vc_column][\/vc_row][vc_row css=&#8221;.vc_custom_1623211657183{padding-bottom: 30px !important;background: #f8f8f8 url(https:\/\/thangmayphusi.com\/wp-content\/uploads\/2021\/06\/body_bg_image.jpeg?id=2971) !important;}&#8221; el_class=&#8221;home-products&#8221;][vc_column width=&#8221;1\/4&#8243;][vc_single_image image=&#8221;3130&#8243; img_size=&#8221;medium&#8221; alignment=&#8221;center&#8221; style=&#8221;vc_box_border&#8221; onclick=&#8221;custom_link&#8221; link=&#8221;https:\/\/thangmayphusi.com\/san-pham\/thang-may-nhap-mitsubishi\/&#8221; css=&#8221;.vc_custom_1622921176285{margin-bottom: 5px !important;padding-top: 20px !important;}&#8221;][vc_btn title=&#8221;THANG M\u00c1Y NH\u1eacP MITSUBISHI&#8221; style=&#8221;classic&#8221; shape=&#8221;square&#8221; color=&#8221;white&#8221; size=&#8221;xs&#8221; align=&#8221;center&#8221; button_block=&#8221;true&#8221; link=&#8221;url:https%3A%2F%2Fthangmayphusi.com%2Fsan-pham%2Fthang-may-nhap-mitsubishi%2F|||&#8221;][\/vc_column][vc_column width=&#8221;1\/4&#8243;][vc_single_image image=&#8221;3129&#8243; img_size=&#8221;medium&#8221; alignment=&#8221;center&#8221; style=&#8221;vc_box_border&#8221; onclick=&#8221;custom_link&#8221; link=&#8221;https:\/\/thangmayphusi.com\/san-pham\/thang-may-nhap-fuji\/&#8221; css=&#8221;.vc_custom_1622921142369{margin-bottom: 5px !important;padding-top: 20px !important;}&#8221;][vc_btn title=&#8221;THANG M\u00c1Y NH\u1eacP FUJI&#8221; style=&#8221;classic&#8221; shape=&#8221;square&#8221; color=&#8221;white&#8221; size=&#8221;xs&#8221; align=&#8221;center&#8221; button_block=&#8221;true&#8221; link=&#8221;url:https%3A%2F%2Fthangmayphusi.com%2Fsan-pham%2Fthang-may-nhap-fuji%2F|||&#8221;][\/vc_column][vc_column width=&#8221;1\/4&#8243;][vc_single_image image=&#8221;3132&#8243; img_size=&#8221;medium&#8221; alignment=&#8221;center&#8221; style=&#8221;vc_box_border&#8221; onclick=&#8221;custom_link&#8221; link=&#8221;https:\/\/thangmayphusi.com\/san-pham\/thang-cuon\/&#8221; css=&#8221;.vc_custom_1622920879758{margin-bottom: 5px !important;padding-top: 20px !important;}&#8221;][vc_btn title=&#8221;THANG CU\u1ed0N&#8221; style=&#8221;classic&#8221; shape=&#8221;square&#8221; color=&#8221;white&#8221; size=&#8221;xs&#8221; align=&#8221;center&#8221; button_block=&#8221;true&#8221; link=&#8221;url:https%3A%2F%2Fthangmayphusi.com%2Fsan-pham%2Fthang-cuon%2F|||&#8221;][\/vc_column][vc_column width=&#8221;1\/4&#8243;][vc_single_image image=&#8221;3131&#8243; img_size=&#8221;medium&#8221; alignment=&#8221;center&#8221; style=&#8221;vc_box_border&#8221; onclick=&#8221;custom_link&#8221; link=&#8221;https:\/\/thangmayphusi.com\/san-pham\/bang-tai-hanh-khach\/&#8221; css=&#8221;.vc_custom_1622920847644{margin-bottom: 5px !important;padding-top: 20px !important;}&#8221;][vc_btn title=&#8221;B\u0102NG T\u1ea2I H\u00c0NH KH\u00c1CH&#8221; style=&#8221;classic&#8221; shape=&#8221;square&#8221; color=&#8221;white&#8221; size=&#8221;xs&#8221; align=&#8221;center&#8221; button_block=&#8221;true&#8221; link=&#8221;url:https%3A%2F%2Fthangmayphusi.com%2Fsan-pham%2Fbang-tai-hanh-khach%2F|||&#8221;][\/vc_column][\/vc_row][vc_row fullwidth=&#8221;yes&#8221; css=&#8221;.vc_custom_1622891291941{padding-top: 32px !important;padding-bottom: 32px !important;}&#8221;][vc_column][vc_gmaps link=&#8221;#E-8_JTNDaWZyYW1lJTIwc3JjJTNEJTIyaHR0cHMlM0ElMkYlMkZ3d3cuZ29vZ2xlLmNvbSUyRm1hcHMlMkZlbWJlZCUzRnBiJTNEJTIxMW0xNCUyMTFtOCUyMTFtMyUyMTFkNzgzOC4xMjE4NzE4MzkzODMlMjEyZDEwNi42NjgxNjMlMjEzZDEwLjgwNjY0NSUyMTNtMiUyMTFpMTAyNCUyMTJpNzY4JTIxNGYxMy4xJTIxM20zJTIxMW0yJTIxMXMweDAlMjUzQTB4Yzg1ZGI1OTQ3OTk5YTI4NiUyMTJ6UThPMGJtY2dWSGtnVkU1SVNDQlVhR0Z1WnlCTnc2RjVJRmJEb0NCVWFHbmh1cjkwSUVMaHU0c2dVR2pEdWlCVHhLayUyMTVlMCUyMTNtMiUyMTFzdmklMjEyc3VzJTIxNHYxNjIyODkxMDkwNDczJTIxNW0yJTIxMXN2aSUyMTJzdXMlMjIlMjB3aWR0aCUzRCUyMjYwMCUyMiUyMGhlaWdodCUzRCUyMjQ1MCUyMiUyMHN0eWxlJTNEJTIyYm9yZGVyJTNBMCUzQiUyMiUyMGFsbG93ZnVsbHNjcmVlbiUzRCUyMiUyMiUyMGxvYWRpbmclM0QlMjJsYXp5JTIyJTNFJTNDJTJGaWZyYW1lJTNF&#8221;][\/vc_column][\/vc_row]<\/p>\n","protected":false},"excerpt":{"rendered":"<p>[vc_row fullwidth=&#8221;yes&#8221;][vc_column][vc_single_image image=&#8221;1201&#8243; img_size=&#8221;full&#8221; alignment=&#8221;center&#8221;][vc_row_inner][vc_column_inner][vc_column_text] THANG M\u00c1Y V\u00c0 THANG CU\u1ed0N GI\u1ea2I PH\u00c1P HO\u00c0N H\u1ea2O\u00a0CHO CU\u1ed8C S\u1ed0NG C\u1ee6A B\u1ea0N! [\/vc_column_text][\/vc_column_inner][\/vc_row_inner][\/vc_column][\/vc_row][vc_row css=&#8221;.vc_custom_1726107116182{border-bottom-width: 1px !important;padding-top: 40px !important;padding-bottom: 40px !important;background-image: url(https:\/\/thangmayphusi.com\/wp-content\/uploads\/2021\/06\/body_bg_image.jpeg?id=2971) !important;border-bottom-style: groove !important;}&#8221; el_class=&#8221;project-area&#8221;][vc_column][vc_row_inner equal_height=&#8221;yes&#8221;][vc_column_inner width=&#8221;1\/4&#8243;][\/vc_column_inner][vc_column_inner width=&#8221;1\/4&#8243;][\/vc_column_inner][vc_column_inner width=&#8221;1\/4&#8243;][\/vc_column_inner][vc_column_inner width=&#8221;1\/4&#8243;][\/vc_column_inner][\/vc_row_inner][\/vc_column][\/vc_row][vc_row css=&#8221;.vc_custom_1726105850678{border-bottom-width: 1px !important;padding-top: 40px !important;padding-bottom: 40px !important;background: #000000 url(https:\/\/thangmayphusi.com\/wp-content\/uploads\/2021\/06\/body_bg_image.jpeg?id=2971) !important;border-bottom-color: #ffffff !important;border-bottom-style: groove !important;}&#8221; el_class=&#8221;project-area&#8221;][vc_column width=&#8221;1\/2&#8243; css=&#8221;.vc_custom_1623092912259{padding-bottom: 30px !important;}&#8221;][vc_column_text [&hellip;]<\/p>\n","protected":false},"author":1,"featured_media":0,"parent":0,"menu_order":0,"comment_status":"closed","ping_status":"closed","template":"page-templates\/template-trans.php","meta":{"footnotes":""},"class_list":["post-724","page","type-page","status-publish","hentry"],"_links":{"self":[{"href":"https:\/\/thangmayphusi.com\/en\/wp-json\/wp\/v2\/pages\/724"}],"collection":[{"href":"https:\/\/thangmayphusi.com\/en\/wp-json\/wp\/v2\/pages"}],"about":[{"href":"https:\/\/thangmayphusi.com\/en\/wp-json\/wp\/v2\/types\/page"}],"author":[{"embeddable":true,"href":"https:\/\/thangmayphusi.com\/en\/wp-json\/wp\/v2\/users\/1"}],"replies":[{"embeddable":true,"href":"https:\/\/thangmayphusi.com\/en\/wp-json\/wp\/v2\/comments?post=724"}],"version-history":[{"count":127,"href":"https:\/\/thangmayphusi.com\/en\/wp-json\/wp\/v2\/pages\/724\/revisions"}],"predecessor-version":[{"id":3818,"href":"https:\/\/thangmayphusi.com\/en\/wp-json\/wp\/v2\/pages\/724\/revisions\/3818"}],"wp:attachment":[{"href":"https:\/\/thangmayphusi.com\/en\/wp-json\/wp\/v2\/media?parent=724"}],"curies":[{"name":"wp","href":"https:\/\/api.w.org\/{rel}","templated":true}]}}